{"id":57,"date":"2017-02-27T03:01:34","date_gmt":"2017-02-27T03:01:34","guid":{"rendered":"http:\/\/localhost\/eurybia\/?page_id=57"},"modified":"2023-11-08T10:32:18","modified_gmt":"2023-11-08T10:32:18","slug":"home-portfolio","status":"publish","type":"page","link":"https:\/\/idsmuhendislik.com\/en\/","title":{"rendered":"Anasayfa"},"content":{"rendered":"<section class=\"wpb_row\"><div class=\"row\"><div class=\"wpb_column vc_column_container one columns2\"><div class=\"vc_column-inner\"><div class=\"wpb_wrapper\">\n    <div class=\"section big-height\">\n        <div class=\"parallax-1\" style=\"background-image: url('https:\/\/idsmuhendislik.com\/wp-content\/uploads\/2023\/10\/ids-kapak-70.jpg');\"><\/div>\n        <div class=\"home-text-wrap fade-elements\">\n            <h1>\u0130DS M\u00dcHEND\u0130SL\u0130K<\/h1>\n            <p><span>End\u00fcstriyel Otomasyon Sistemleri \u00b7 End\u00fcstriyel Test Makineleri \u00b7 Savunma Sanayi\u00b7 GES \u00b7 Makine \u0130malat\u0131<\/span><\/p>\n        <\/div>\n    <\/div>\n        \n<\/div><\/div><\/div><\/div><div class=\"clearfix\"><\/div><\/section><section class=\"wpb_row\"><div class=\"row\"><div class=\"wpb_column vc_column_container one columns2 vc_col-has-fill vc_custom_1699432904615\"><div class=\"vc_column-inner\"><div class=\"wpb_wrapper\">    \n    \n    <div class=\"clear\"><\/div>\n    <div class=\"section\">\n                <div id=\"portfolio-filter\" class=\"portfolio-filter\">\n            <ul id=\"filter\">\n                <li><a href=\"#\" class=\"current\" data-filter=\"*\" title=\"\">T\u00fcm\u00fc<\/a><\/li>\n                                    <li><a href=\"#\" data-filter=\".endustriyel-otomasyon-sistemleri\" title=\"\">End\u00fcstriyel Otomasyon Sistemleri<\/a><\/li>\n                                    <li><a href=\"#\" data-filter=\".endustriyel-test-makineleri\" title=\"\">End\u00fcstriyel Test Makineleri<\/a><\/li>\n                                    <li><a href=\"#\" data-filter=\".cesitli-pano-sistemleri\" title=\"\">\u00d6zel \u0130malat Pano Sistemleri<\/a><\/li>\n                                    <li><a href=\"#\" data-filter=\".savunma-sanayi\" title=\"\">Savunma Sanayi<\/a><\/li>\n                            <\/ul>\n        <\/div>\n        \n        <div id=\"projects-grid\">\n              \n            <a href=\"https:\/\/idsmuhendislik.com\/en\/portfolio\/trafo-tasfiye-makinesi\/\">\n                <div class=\"portfolio-box-1 endustriyel-otomasyon-sistemleri  col-4\">\n                    <div class=\"mask\"><\/div>\n                    <h3><span>End\u00fcstriyel Otomasyon Sistemleri <\/span><br>Trafo Tasfiye Makinesi<\/h3>\n                    <img src=\"https:\/\/idsmuhendislik.com\/wp-content\/uploads\/2023\/11\/IMG_5162.png\" alt=\"\">\n                <\/div>\n            <\/a>\n              \n            <a href=\"https:\/\/idsmuhendislik.com\/en\/portfolio\/cips-gravur-sevk-otomasyon-sistemi\/\">\n                <div class=\"portfolio-box-1 endustriyel-otomasyon-sistemleri  col-4\">\n                    <div class=\"mask\"><\/div>\n                    <h3><span>End\u00fcstriyel Otomasyon Sistemleri <\/span><br>Cips Grav\u00fcr Sevk Otomasyon Sistemi<\/h3>\n                    <img src=\"https:\/\/idsmuhendislik.com\/wp-content\/uploads\/2023\/11\/IMG_4169.png\" alt=\"\">\n                <\/div>\n            <\/a>\n              \n            <a href=\"https:\/\/idsmuhendislik.com\/en\/portfolio\/kat-isi-istasyonu-test-makinesi\/\">\n                <div class=\"portfolio-box-1 endustriyel-test-makineleri  col-4\">\n                    <div class=\"mask\"><\/div>\n                    <h3><span>End\u00fcstriyel Test Makineleri <\/span><br>Kat Is\u0131 \u0130stasyonu Test Makinesi<\/h3>\n                    <img src=\"https:\/\/idsmuhendislik.com\/wp-content\/uploads\/2023\/11\/IMG_2477.png\" alt=\"\">\n                <\/div>\n            <\/a>\n              \n            <a href=\"https:\/\/idsmuhendislik.com\/en\/portfolio\/ozel-imalat-pano-sistemlerimiz\/\">\n                <div class=\"portfolio-box-1 cesitli-pano-sistemleri  col-4\">\n                    <div class=\"mask\"><\/div>\n                    <h3><span>\u00d6zel \u0130malat Pano Sistemleri <\/span><br>\u00d6zel \u0130malat Pano Sistemlerimiz<\/h3>\n                    <img src=\"https:\/\/idsmuhendislik.com\/wp-content\/uploads\/2023\/10\/IMG_5274-scaled.jpg\" alt=\"\">\n                <\/div>\n            <\/a>\n              \n            <a href=\"https:\/\/idsmuhendislik.com\/en\/portfolio\/tarim-makineleri-bugday-harmanlama-makineleri\/\">\n                <div class=\"portfolio-box-1 endustriyel-otomasyon-sistemleri  col-4\">\n                    <div class=\"mask\"><\/div>\n                    <h3><span>End\u00fcstriyel Otomasyon Sistemleri <\/span><br>Tar\u0131m Makineleri<\/h3>\n                    <img src=\"https:\/\/idsmuhendislik.com\/wp-content\/uploads\/2023\/10\/tarimmakina-e1697640161751.jpg\" alt=\"\">\n                <\/div>\n            <\/a>\n              \n            <a href=\"https:\/\/idsmuhendislik.com\/en\/portfolio\/sunta-yapistirma-makinesi\/\">\n                <div class=\"portfolio-box-1 endustriyel-otomasyon-sistemleri  col-4\">\n                    <div class=\"mask\"><\/div>\n                    <h3><span>End\u00fcstriyel Otomasyon Sistemleri <\/span><br>Sunta Yap\u0131\u015ft\u0131rma Makinesi<\/h3>\n                    <img src=\"https:\/\/idsmuhendislik.com\/wp-content\/uploads\/2023\/10\/SDC14875-scaled.jpg\" alt=\"\">\n                <\/div>\n            <\/a>\n              \n            <a href=\"https:\/\/idsmuhendislik.com\/en\/portfolio\/silobas-yukleme-dolum-korugu\/\">\n                <div class=\"portfolio-box-1 endustriyel-otomasyon-sistemleri  col-4\">\n                    <div class=\"mask\"><\/div>\n                    <h3><span>End\u00fcstriyel Otomasyon Sistemleri <\/span><br>Silobas Y\u00fckleme Dolum K\u00f6r\u00fc\u011f\u00fc<\/h3>\n                    <img src=\"https:\/\/idsmuhendislik.com\/wp-content\/uploads\/2023\/10\/3.jpg\" alt=\"\">\n                <\/div>\n            <\/a>\n              \n            <a href=\"https:\/\/idsmuhendislik.com\/en\/portfolio\/otoyol-kamera-ve-uyari-otomasyon-sistemi\/\">\n                <div class=\"portfolio-box-1 endustriyel-otomasyon-sistemleri  col-4\">\n                    <div class=\"mask\"><\/div>\n                    <h3><span>End\u00fcstriyel Otomasyon Sistemleri <\/span><br>Otoyol Kamera Ve Uyar\u0131 Otomasyon Sistemi<\/h3>\n                    <img src=\"https:\/\/idsmuhendislik.com\/wp-content\/uploads\/2023\/10\/NYWZ3474.jpg\" alt=\"\">\n                <\/div>\n            <\/a>\n              \n            <a href=\"https:\/\/idsmuhendislik.com\/en\/portfolio\/lastik-capraz-kesim-otomasyon-makinesi\/\">\n                <div class=\"portfolio-box-1 endustriyel-otomasyon-sistemleri  col-4\">\n                    <div class=\"mask\"><\/div>\n                    <h3><span>End\u00fcstriyel Otomasyon Sistemleri <\/span><br>Lastik \u00c7apraz Kesim Otomasyon Makinesi<\/h3>\n                    <img src=\"https:\/\/idsmuhendislik.com\/wp-content\/uploads\/2023\/10\/QOMB8874.jpg\" alt=\"\">\n                <\/div>\n            <\/a>\n              \n            <a href=\"https:\/\/idsmuhendislik.com\/en\/portfolio\/kron-ve-iskelet-kat-revatmani-otomasyon-sistemi\/\">\n                <div class=\"portfolio-box-1 endustriyel-otomasyon-sistemleri  col-4\">\n                    <div class=\"mask\"><\/div>\n                    <h3><span>End\u00fcstriyel Otomasyon Sistemleri <\/span><br>Kron Ve \u0130skelet Kat Revatman\u0131 Otomasyon Sistemi<\/h3>\n                    <img src=\"https:\/\/idsmuhendislik.com\/wp-content\/uploads\/2023\/10\/IMG_E5748-scaled.jpg\" alt=\"\">\n                <\/div>\n            <\/a>\n              \n            <a href=\"https:\/\/idsmuhendislik.com\/en\/portfolio\/klima-ve-havalandirma-otomasyon-sistemi\/\">\n                <div class=\"portfolio-box-1 endustriyel-otomasyon-sistemleri  col-4\">\n                    <div class=\"mask\"><\/div>\n                    <h3><span>End\u00fcstriyel Otomasyon Sistemleri <\/span><br>Klima Ve Havaland\u0131rma Otomasyon Sistemi<\/h3>\n                    <img src=\"https:\/\/idsmuhendislik.com\/wp-content\/uploads\/2023\/10\/IMG_6003-scaled.jpg\" alt=\"\">\n                <\/div>\n            <\/a>\n              \n            <a href=\"https:\/\/idsmuhendislik.com\/en\/portfolio\/kestamid-uretim-tesisleri\/\">\n                <div class=\"portfolio-box-1 endustriyel-otomasyon-sistemleri  col-4\">\n                    <div class=\"mask\"><\/div>\n                    <h3><span>End\u00fcstriyel Otomasyon Sistemleri <\/span><br>Kestamid \u00dcretim Tesisleri<\/h3>\n                    <img src=\"https:\/\/idsmuhendislik.com\/wp-content\/uploads\/2023\/10\/IMG_8119-scaled.jpg\" alt=\"\">\n                <\/div>\n            <\/a>\n              \n            <a href=\"https:\/\/idsmuhendislik.com\/en\/portfolio\/hidrolik-pres-otomasyon-panosu\/\">\n                <div class=\"portfolio-box-1 endustriyel-otomasyon-sistemleri  col-4\">\n                    <div class=\"mask\"><\/div>\n                    <h3><span>End\u00fcstriyel Otomasyon Sistemleri <\/span><br>Hidrolik Pres Otomasyon Panosu<\/h3>\n                    <img src=\"https:\/\/idsmuhendislik.com\/wp-content\/uploads\/2023\/10\/IMG_5269-scaled.jpg\" alt=\"\">\n                <\/div>\n            <\/a>\n              \n            <a href=\"https:\/\/idsmuhendislik.com\/en\/portfolio\/hatali-urun-ayristirma-sistemi\/\">\n                <div class=\"portfolio-box-1 endustriyel-otomasyon-sistemleri  col-4\">\n                    <div class=\"mask\"><\/div>\n                    <h3><span>End\u00fcstriyel Otomasyon Sistemleri <\/span><br>Hatal\u0131 \u00dcr\u00fcn Ayr\u0131\u015ft\u0131rma Sistemi<\/h3>\n                    <img src=\"https:\/\/idsmuhendislik.com\/wp-content\/uploads\/2023\/10\/IMG_4901-scaled.jpg\" alt=\"\">\n                <\/div>\n            <\/a>\n              \n            <a href=\"https:\/\/idsmuhendislik.com\/en\/portfolio\/hasir-tel-orgu\/\">\n                <div class=\"portfolio-box-1 endustriyel-otomasyon-sistemleri  col-4\">\n                    <div class=\"mask\"><\/div>\n                    <h3><span>End\u00fcstriyel Otomasyon Sistemleri <\/span><br>Has\u0131r Tel \u00d6rg\u00fc<\/h3>\n                    <img src=\"https:\/\/idsmuhendislik.com\/wp-content\/uploads\/2023\/10\/HASIR-TEL-ORGU-SARIM.jpg\" alt=\"\">\n                <\/div>\n            <\/a>\n              \n            <a href=\"https:\/\/idsmuhendislik.com\/en\/portfolio\/enerji-dagitim-ve-olcum-otomasyon-sistemi\/\">\n                <div class=\"portfolio-box-1 endustriyel-otomasyon-sistemleri  col-4\">\n                    <div class=\"mask\"><\/div>\n                    <h3><span>End\u00fcstriyel Otomasyon Sistemleri <\/span><br>Enerji Da\u011f\u0131t\u0131m Ve \u00d6l\u00e7\u00fcm Otomasyon Sistemi<\/h3>\n                    <img src=\"https:\/\/idsmuhendislik.com\/wp-content\/uploads\/2023\/10\/IMG_9750-scaled.jpg\" alt=\"\">\n                <\/div>\n            <\/a>\n              \n            <a href=\"https:\/\/idsmuhendislik.com\/en\/portfolio\/elektro-statik-toz-boya-otomasyon-sistemleri\/\">\n                <div class=\"portfolio-box-1 endustriyel-otomasyon-sistemleri  col-4\">\n                    <div class=\"mask\"><\/div>\n                    <h3><span>End\u00fcstriyel Otomasyon Sistemleri <\/span><br>Elektro Statik Toz Boya Otomasyon Sistemleri<\/h3>\n                    <img src=\"https:\/\/idsmuhendislik.com\/wp-content\/uploads\/2023\/10\/IMG_1756-scaled.jpg\" alt=\"\">\n                <\/div>\n            <\/a>\n              \n            <a href=\"https:\/\/idsmuhendislik.com\/en\/portfolio\/dairesel-hucre-kesim-otomasyon-sistemi\/\">\n                <div class=\"portfolio-box-1 endustriyel-otomasyon-sistemleri  col-4\">\n                    <div class=\"mask\"><\/div>\n                    <h3><span>End\u00fcstriyel Otomasyon Sistemleri <\/span><br>Dairesel H\u00fccre Kesim Otomasyon Sistemi<\/h3>\n                    <img src=\"https:\/\/idsmuhendislik.com\/wp-content\/uploads\/2023\/10\/IMG_5737-scaled.jpg\" alt=\"\">\n                <\/div>\n            <\/a>\n              \n            <a href=\"https:\/\/idsmuhendislik.com\/en\/portfolio\/obus-askeri-araci\/\">\n                <div class=\"portfolio-box-1 savunma-sanayi  col-4\">\n                    <div class=\"mask\"><\/div>\n                    <h3><span>Savunma Sanayi <\/span><br>Ob\u00fcs Askeri Arac\u0131<\/h3>\n                    <img src=\"https:\/\/idsmuhendislik.com\/wp-content\/uploads\/2017\/02\/IMG_1488-1-scaled-e1697624371716.jpg\" alt=\"\">\n                <\/div>\n            <\/a>\n              \n            <a href=\"https:\/\/idsmuhendislik.com\/en\/portfolio\/renkli-sis-kutusu-dolum-ve-sivama-makinesi\/\">\n                <div class=\"portfolio-box-1 savunma-sanayi  col-4\">\n                    <div class=\"mask\"><\/div>\n                    <h3><span>Savunma Sanayi <\/span><br>Renkli Sis Kutusu Dolum Ve S\u0131vama Makinesi<\/h3>\n                    <img src=\"https:\/\/idsmuhendislik.com\/wp-content\/uploads\/2023\/10\/IMG_5054-scaled.jpg\" alt=\"\">\n                <\/div>\n            <\/a>\n              \n            <a href=\"https:\/\/idsmuhendislik.com\/en\/portfolio\/kursun-ve-gomlek-yukleme-tezgahi\/\">\n                <div class=\"portfolio-box-1 savunma-sanayi  col-4\">\n                    <div class=\"mask\"><\/div>\n                    <h3><span>Savunma Sanayi <\/span><br>Kur\u015fun Ve G\u00f6mlek Y\u00fckleme Tezgah\u0131<\/h3>\n                    <img src=\"https:\/\/idsmuhendislik.com\/wp-content\/uploads\/2017\/02\/HVBW8453-scaled-e1698243218940.jpg\" alt=\"\">\n                <\/div>\n            <\/a>\n              \n            <a href=\"https:\/\/idsmuhendislik.com\/en\/portfolio\/traktor-atalet-ve-moment-test-unitesi\/\">\n                <div class=\"portfolio-box-1 endustriyel-test-makineleri  col-4\">\n                    <div class=\"mask\"><\/div>\n                    <h3><span>End\u00fcstriyel Test Makineleri <\/span><br>Trakt\u00f6r Atalet Ve Moment Test \u00dcnitesi<\/h3>\n                    <img src=\"https:\/\/idsmuhendislik.com\/wp-content\/uploads\/2017\/02\/traktor-atalet-ve-moment-test-unitesi.png\" alt=\"\">\n                <\/div>\n            <\/a>\n              \n            <a href=\"https:\/\/idsmuhendislik.com\/en\/portfolio\/canta-tip-simulasyon-kutusu\/\">\n                <div class=\"portfolio-box-1 endustriyel-otomasyon-sistemleri  col-4\">\n                    <div class=\"mask\"><\/div>\n                    <h3><span>End\u00fcstriyel Otomasyon Sistemleri <\/span><br>\u00c7anta Tip Sim\u00fclasyon Kutusu<\/h3>\n                    <img src=\"https:\/\/idsmuhendislik.com\/wp-content\/uploads\/2017\/02\/IMG_E4947-scaled.jpg\" alt=\"\">\n                <\/div>\n            <\/a>\n              \n            <a href=\"https:\/\/idsmuhendislik.com\/en\/portfolio\/tarim-aletleri-yakit-deposu-test-unitesi-2\/\">\n                <div class=\"portfolio-box-1 endustriyel-test-makineleri  col-4\">\n                    <div class=\"mask\"><\/div>\n                    <h3><span>End\u00fcstriyel Test Makineleri <\/span><br>Tar\u0131m Aletleri Yak\u0131t Deposu Test \u00dcnitesi<\/h3>\n                    <img src=\"https:\/\/idsmuhendislik.com\/wp-content\/uploads\/2017\/02\/IMG_5601-scaled.jpg\" alt=\"\">\n                <\/div>\n            <\/a>\n              \n            <a href=\"https:\/\/idsmuhendislik.com\/en\/portfolio\/run-flat-lastik-ayirma-makinesi\/\">\n                <div class=\"portfolio-box-1 savunma-sanayi  col-4\">\n                    <div class=\"mask\"><\/div>\n                    <h3><span>Savunma Sanayi <\/span><br>Run Flat Lastik Ay\u0131rma Makinesi<\/h3>\n                    <img src=\"https:\/\/idsmuhendislik.com\/wp-content\/uploads\/2017\/02\/IMG_8890-scaled.jpg\" alt=\"\">\n                <\/div>\n            <\/a>\n              \n            <a href=\"https:\/\/idsmuhendislik.com\/en\/portfolio\/run-flat-lastik-test-makinesi\/\">\n                <div class=\"portfolio-box-1 savunma-sanayi  col-4\">\n                    <div class=\"mask\"><\/div>\n                    <h3><span>Savunma Sanayi <\/span><br>Run Flat Lastik Test Makinesi<\/h3>\n                    <img src=\"https:\/\/idsmuhendislik.com\/wp-content\/uploads\/2017\/02\/IMG_8287-scaled.jpg\" alt=\"\">\n                <\/div>\n            <\/a>\n              \n            <a href=\"https:\/\/idsmuhendislik.com\/en\/portfolio\/celik-boru-kaplama-otomasyon-sistemi\/\">\n                <div class=\"portfolio-box-1 endustriyel-otomasyon-sistemleri  col-4\">\n                    <div class=\"mask\"><\/div>\n                    <h3><span>End\u00fcstriyel Otomasyon Sistemleri <\/span><br>\u00c7elik Boru Kaplama Otomasyon Sistemi<\/h3>\n                    <img src=\"https:\/\/idsmuhendislik.com\/wp-content\/uploads\/2017\/02\/IMG_8991-scaled.jpg\" alt=\"\">\n                <\/div>\n            <\/a>\n               \n        <\/div>\n    <\/div>\n\n<\/div><\/div><\/div><\/div><div class=\"clearfix\"><\/div><\/section><section class=\"wpb_row vc_custom_1699429955735 vc_row-has-fill vc_column-gap-2\"><div class=\"container\"><div class=\"wpb_column vc_column_container one columns2\"><div class=\"vc_column-inner\"><div class=\"wpb_wrapper\">            \n        <div id=\"owl-logos\" class=\"owl-carousel owl-theme owl-logos padding-bottom-0\">\n                            <div class=\"item\"><img src=\"https:\/\/idsmuhendislik.com\/wp-content\/uploads\/2023\/10\/torksan-logo-buyutme.png\" alt=\"\"><\/div>\n                            <div class=\"item\"><img src=\"https:\/\/idsmuhendislik.com\/wp-content\/uploads\/2023\/10\/cozunurluk-degistirme.png\" alt=\"\"><\/div>\n                            <div class=\"item\"><img src=\"https:\/\/idsmuhendislik.com\/wp-content\/uploads\/2023\/10\/mono-makine-gri.png\" alt=\"\"><\/div>\n                            <div class=\"item\"><img src=\"https:\/\/idsmuhendislik.com\/wp-content\/uploads\/2023\/10\/Basliksiz-4.png\" alt=\"\"><\/div>\n                            <div class=\"item\"><img src=\"https:\/\/idsmuhendislik.com\/wp-content\/uploads\/2023\/10\/anlas-gri.png\" alt=\"\"><\/div>\n                            <div class=\"item\"><img src=\"https:\/\/idsmuhendislik.com\/wp-content\/uploads\/2023\/10\/turk-traktor-gri.png\" alt=\"\"><\/div>\n                            <div class=\"item\"><img src=\"https:\/\/idsmuhendislik.com\/wp-content\/uploads\/2023\/10\/altay-gri.png\" alt=\"\"><\/div>\n                            <div class=\"item\"><img src=\"https:\/\/idsmuhendislik.com\/wp-content\/uploads\/2023\/10\/bcs-gri.png\" alt=\"\"><\/div>\n                            <div class=\"item\"><img src=\"https:\/\/idsmuhendislik.com\/wp-content\/uploads\/2023\/10\/burc-gri.png\" alt=\"\"><\/div>\n                            <div class=\"item\"><img src=\"https:\/\/idsmuhendislik.com\/wp-content\/uploads\/2023\/10\/mke-gri.png\" alt=\"\"><\/div>\n                            <div class=\"item\"><img src=\"https:\/\/idsmuhendislik.com\/wp-content\/uploads\/2023\/10\/odtu-gri.png\" alt=\"\"><\/div>\n                            <div class=\"item\"><img src=\"https:\/\/idsmuhendislik.com\/wp-content\/uploads\/2023\/10\/petlas-gri.png\" alt=\"\"><\/div>\n                            <div class=\"item\"><img src=\"https:\/\/idsmuhendislik.com\/wp-content\/uploads\/2023\/10\/tarim-orman-bakanligi-gri.png\" alt=\"\"><\/div>\n                    <\/div>\n\n        <script>\n            (function($) { \"use strict\";\n                $(document).ready(function() {\n                    $(\"#owl-logos\").owlCarousel({\n                        items : 5,\n                        itemsDesktop : [1000,5], \n                        itemsDesktopSmall : [900,3],\n                        itemsTablet: [600,2], \n                        itemsMobile : false, \n                        pagination : false,\n                        autoPlay : 5000,\n                        slideSpeed : 300\n                    }); \n                }); \n            })(jQuery); \n        <\/script>\n\n<\/div><\/div><\/div><\/div><div class=\"clearfix\"><\/div><\/section>","protected":false},"excerpt":{"rendered":"(function($) { \"use strict\"; $(document).ready(function() { $(\"#owl-logos\").owlCarousel({ items : 5, itemsDesktop : [1000,5], itemsDesktopSmall : [900,3], itemsTablet: [600,2], itemsMobile : false, pagination : false, autoPlay : 5000, slideSpeed : 300 }); }); })(jQuery);","protected":false},"author":1,"featured_media":0,"parent":0,"menu_order":0,"comment_status":"closed","ping_status":"closed","template":"page-templates\/template-canvas.php","meta":{"footnotes":""},"yoast_head":"<!-- This site is optimized with the Yoast SEO plugin v21.5 - https:\/\/yoast.com\/wordpress\/plugins\/seo\/ -->\n<title>Anasayfa - \u0130ds M\u00fchendislik<\/title>\n<meta name=\"robots\" content=\"index, follow, max-snippet:-1, max-image-preview:large, max-video-preview:-1\" \/>\n<link rel=\"canonical\" href=\"https:\/\/idsmuhendislik.com\/en\/\" \/>\n<meta property=\"og:locale\" content=\"en_US\" \/>\n<meta property=\"og:type\" content=\"article\" \/>\n<meta property=\"og:title\" content=\"Anasayfa - \u0130ds M\u00fchendislik\" \/>\n<meta property=\"og:url\" content=\"https:\/\/idsmuhendislik.com\/en\/\" \/>\n<meta property=\"og:site_name\" content=\"\u0130ds M\u00fchendislik\" \/>\n<meta property=\"article:modified_time\" content=\"2023-11-08T10:32:18+00:00\" \/>\n<meta name=\"twitter:card\" content=\"summary_large_image\" \/>\n<meta name=\"twitter:label1\" content=\"Est. reading time\" \/>\n\t<meta name=\"twitter:data1\" content=\"1 minute\" \/>\n<script type=\"application\/ld+json\" class=\"yoast-schema-graph\">{\"@context\":\"https:\/\/schema.org\",\"@graph\":[{\"@type\":\"WebPage\",\"@id\":\"https:\/\/idsmuhendislik.com\/\",\"url\":\"https:\/\/idsmuhendislik.com\/\",\"name\":\"Anasayfa - \u0130ds M\u00fchendislik\",\"isPartOf\":{\"@id\":\"https:\/\/idsmuhendislik.com\/#website\"},\"datePublished\":\"2017-02-27T03:01:34+00:00\",\"dateModified\":\"2023-11-08T10:32:18+00:00\",\"breadcrumb\":{\"@id\":\"https:\/\/idsmuhendislik.com\/#breadcrumb\"},\"inLanguage\":\"en-US\",\"potentialAction\":[{\"@type\":\"ReadAction\",\"target\":[\"https:\/\/idsmuhendislik.com\/\"]}]},{\"@type\":\"BreadcrumbList\",\"@id\":\"https:\/\/idsmuhendislik.com\/#breadcrumb\",\"itemListElement\":[{\"@type\":\"ListItem\",\"position\":1,\"name\":\"Anasayfa\",\"item\":\"https:\/\/idsmuhendislik.com\/\"},{\"@type\":\"ListItem\",\"position\":2,\"name\":\"Anasayfa\"}]},{\"@type\":\"WebSite\",\"@id\":\"https:\/\/idsmuhendislik.com\/#website\",\"url\":\"https:\/\/idsmuhendislik.com\/\",\"name\":\"idsmuhendislik.com\",\"description\":\"\",\"publisher\":{\"@id\":\"https:\/\/idsmuhendislik.com\/#organization\"},\"potentialAction\":[{\"@type\":\"SearchAction\",\"target\":{\"@type\":\"EntryPoint\",\"urlTemplate\":\"https:\/\/idsmuhendislik.com\/?s={search_term_string}\"},\"query-input\":\"required name=search_term_string\"}],\"inLanguage\":\"en-US\"},{\"@type\":\"Organization\",\"@id\":\"https:\/\/idsmuhendislik.com\/#organization\",\"name\":\"idsmuhendislik.com\",\"url\":\"https:\/\/idsmuhendislik.com\/\",\"logo\":{\"@type\":\"ImageObject\",\"inLanguage\":\"en-US\",\"@id\":\"https:\/\/idsmuhendislik.com\/#\/schema\/logo\/image\/\",\"url\":\"http:\/\/idsmuhendislik.com\/wp-content\/uploads\/2023\/10\/logo.png\",\"contentUrl\":\"http:\/\/idsmuhendislik.com\/wp-content\/uploads\/2023\/10\/logo.png\",\"width\":300,\"height\":80,\"caption\":\"idsmuhendislik.com\"},\"image\":{\"@id\":\"https:\/\/idsmuhendislik.com\/#\/schema\/logo\/image\/\"},\"sameAs\":[\"https:\/\/www.instagram.com\/idsmuhendislik\/\"]}]}<\/script>\n<!-- \/ Yoast SEO plugin. -->","yoast_head_json":{"title":"Anasayfa - \u0130ds M\u00fchendislik","robots":{"index":"index","follow":"follow","max-snippet":"max-snippet:-1","max-image-preview":"max-image-preview:large","max-video-preview":"max-video-preview:-1"},"canonical":"https:\/\/idsmuhendislik.com\/en\/","og_locale":"en_US","og_type":"article","og_title":"Anasayfa - \u0130ds M\u00fchendislik","og_url":"https:\/\/idsmuhendislik.com\/en\/","og_site_name":"\u0130ds M\u00fchendislik","article_modified_time":"2023-11-08T10:32:18+00:00","twitter_card":"summary_large_image","twitter_misc":{"Est. reading time":"1 minute"},"schema":{"@context":"https:\/\/schema.org","@graph":[{"@type":"WebPage","@id":"https:\/\/idsmuhendislik.com\/","url":"https:\/\/idsmuhendislik.com\/","name":"Anasayfa - \u0130ds M\u00fchendislik","isPartOf":{"@id":"https:\/\/idsmuhendislik.com\/#website"},"datePublished":"2017-02-27T03:01:34+00:00","dateModified":"2023-11-08T10:32:18+00:00","breadcrumb":{"@id":"https:\/\/idsmuhendislik.com\/#breadcrumb"},"inLanguage":"en-US","potentialAction":[{"@type":"ReadAction","target":["https:\/\/idsmuhendislik.com\/"]}]},{"@type":"BreadcrumbList","@id":"https:\/\/idsmuhendislik.com\/#breadcrumb","itemListElement":[{"@type":"ListItem","position":1,"name":"Anasayfa","item":"https:\/\/idsmuhendislik.com\/"},{"@type":"ListItem","position":2,"name":"Anasayfa"}]},{"@type":"WebSite","@id":"https:\/\/idsmuhendislik.com\/#website","url":"https:\/\/idsmuhendislik.com\/","name":"idsmuhendislik.com","description":"","publisher":{"@id":"https:\/\/idsmuhendislik.com\/#organization"},"potentialAction":[{"@type":"SearchAction","target":{"@type":"EntryPoint","urlTemplate":"https:\/\/idsmuhendislik.com\/?s={search_term_string}"},"query-input":"required name=search_term_string"}],"inLanguage":"en-US"},{"@type":"Organization","@id":"https:\/\/idsmuhendislik.com\/#organization","name":"idsmuhendislik.com","url":"https:\/\/idsmuhendislik.com\/","logo":{"@type":"ImageObject","inLanguage":"en-US","@id":"https:\/\/idsmuhendislik.com\/#\/schema\/logo\/image\/","url":"http:\/\/idsmuhendislik.com\/wp-content\/uploads\/2023\/10\/logo.png","contentUrl":"http:\/\/idsmuhendislik.com\/wp-content\/uploads\/2023\/10\/logo.png","width":300,"height":80,"caption":"idsmuhendislik.com"},"image":{"@id":"https:\/\/idsmuhendislik.com\/#\/schema\/logo\/image\/"},"sameAs":["https:\/\/www.instagram.com\/idsmuhendislik\/"]}]}},"_links":{"self":[{"href":"https:\/\/idsmuhendislik.com\/en\/wp-json\/wp\/v2\/pages\/57"}],"collection":[{"href":"https:\/\/idsmuhendislik.com\/en\/wp-json\/wp\/v2\/pages"}],"about":[{"href":"https:\/\/idsmuhendislik.com\/en\/wp-json\/wp\/v2\/types\/page"}],"author":[{"embeddable":true,"href":"https:\/\/idsmuhendislik.com\/en\/wp-json\/wp\/v2\/users\/1"}],"replies":[{"embeddable":true,"href":"https:\/\/idsmuhendislik.com\/en\/wp-json\/wp\/v2\/comments?post=57"}],"version-history":[{"count":49,"href":"https:\/\/idsmuhendislik.com\/en\/wp-json\/wp\/v2\/pages\/57\/revisions"}],"predecessor-version":[{"id":1261,"href":"https:\/\/idsmuhendislik.com\/en\/wp-json\/wp\/v2\/pages\/57\/revisions\/1261"}],"wp:attachment":[{"href":"https:\/\/idsmuhendislik.com\/en\/wp-json\/wp\/v2\/media?parent=57"}],"curies":[{"name":"wp","href":"https:\/\/api.w.org\/{rel}","templated":true}]}}