{"id":418,"date":"2017-03-09T09:14:45","date_gmt":"2017-03-09T09:14:45","guid":{"rendered":"http:\/\/localhost\/eurybia\/?page_id=418"},"modified":"2023-11-08T08:30:36","modified_gmt":"2023-11-08T08:30:36","slug":"galeri","status":"publish","type":"page","link":"https:\/\/idsmuhendislik.com\/en\/galeri\/","title":{"rendered":"Galeri"},"content":{"rendered":"<section class=\"wpb_row vc_custom_1489723835029 vc_row-has-fill\"><div class=\"parallax-row\" style=\"background:url() repeat fixed;\"><\/div><div class=\"row z-bigger\"><div class=\"wpb_column vc_column_container one columns2\"><div class=\"vc_column-inner\"><div class=\"wpb_wrapper\">            \n        <div id=\"projects-grid\">\n                            <a href=\"https:\/\/idsmuhendislik.com\/wp-content\/uploads\/2023\/11\/IMG_E0151.png\" class=\"fancybox\">\n                    <div class=\"portfolio-box-1 have-space col-3\">\n                        <div class=\"mask gallery-mask\"><\/div>\n                        <!-- <h3><span>branding<\/span><br>project name<\/h3> -->\n                        <img src=\"https:\/\/idsmuhendislik.com\/wp-content\/uploads\/2023\/11\/IMG_E0151.png\" alt=\"\">\n                    <\/div>\n                <\/a>\n                            <a href=\"https:\/\/idsmuhendislik.com\/wp-content\/uploads\/2023\/11\/IMG_3127.png\" class=\"fancybox\">\n                    <div class=\"portfolio-box-1 have-space col-3\">\n                        <div class=\"mask gallery-mask\"><\/div>\n                        <!-- <h3><span>branding<\/span><br>project name<\/h3> -->\n                        <img src=\"https:\/\/idsmuhendislik.com\/wp-content\/uploads\/2023\/11\/IMG_3127.png\" alt=\"\">\n                    <\/div>\n                <\/a>\n                            <a href=\"https:\/\/idsmuhendislik.com\/wp-content\/uploads\/2023\/11\/IMG_5159-1.png\" class=\"fancybox\">\n                    <div class=\"portfolio-box-1 have-space col-3\">\n                        <div class=\"mask gallery-mask\"><\/div>\n                        <!-- <h3><span>branding<\/span><br>project name<\/h3> -->\n                        <img src=\"https:\/\/idsmuhendislik.com\/wp-content\/uploads\/2023\/11\/IMG_5159-1.png\" alt=\"\">\n                    <\/div>\n                <\/a>\n                            <a href=\"https:\/\/idsmuhendislik.com\/wp-content\/uploads\/2023\/11\/IMG_0145.png\" class=\"fancybox\">\n                    <div class=\"portfolio-box-1 have-space col-3\">\n                        <div class=\"mask gallery-mask\"><\/div>\n                        <!-- <h3><span>branding<\/span><br>project name<\/h3> -->\n                        <img src=\"https:\/\/idsmuhendislik.com\/wp-content\/uploads\/2023\/11\/IMG_0145.png\" alt=\"\">\n                    <\/div>\n                <\/a>\n                            <a href=\"https:\/\/idsmuhendislik.com\/wp-content\/uploads\/2023\/11\/IMG_5154-1.png\" class=\"fancybox\">\n                    <div class=\"portfolio-box-1 have-space col-3\">\n                        <div class=\"mask gallery-mask\"><\/div>\n                        <!-- <h3><span>branding<\/span><br>project name<\/h3> -->\n                        <img src=\"https:\/\/idsmuhendislik.com\/wp-content\/uploads\/2023\/11\/IMG_5154-1.png\" alt=\"\">\n                    <\/div>\n                <\/a>\n                            <a href=\"https:\/\/idsmuhendislik.com\/wp-content\/uploads\/2023\/11\/IMG_4461.png\" class=\"fancybox\">\n                    <div class=\"portfolio-box-1 have-space col-3\">\n                        <div class=\"mask gallery-mask\"><\/div>\n                        <!-- <h3><span>branding<\/span><br>project name<\/h3> -->\n                        <img src=\"https:\/\/idsmuhendislik.com\/wp-content\/uploads\/2023\/11\/IMG_4461.png\" alt=\"\">\n                    <\/div>\n                <\/a>\n                            <a href=\"https:\/\/idsmuhendislik.com\/wp-content\/uploads\/2023\/11\/IMG_4165-1.png\" class=\"fancybox\">\n                    <div class=\"portfolio-box-1 have-space col-3\">\n                        <div class=\"mask gallery-mask\"><\/div>\n                        <!-- <h3><span>branding<\/span><br>project name<\/h3> -->\n                        <img src=\"https:\/\/idsmuhendislik.com\/wp-content\/uploads\/2023\/11\/IMG_4165-1.png\" alt=\"\">\n                    <\/div>\n                <\/a>\n                    <\/div>\n\n        \n\n<\/div><\/div><\/div><\/div><div class=\"clearfix\"><\/div><\/section><section class=\"wpb_row vc_custom_1699432229568 vc_row-has-fill vc_column-gap-2\"><div class=\"container\"><div class=\"wpb_column vc_column_container one columns2\"><div class=\"vc_column-inner\"><div class=\"wpb_wrapper\">            \n        <div id=\"owl-logos\" class=\"owl-carousel owl-theme owl-logos padding-bottom-0\">\n                            <div class=\"item\"><img src=\"https:\/\/idsmuhendislik.com\/wp-content\/uploads\/2023\/10\/torksan-logo-buyutme.png\" alt=\"\"><\/div>\n                            <div class=\"item\"><img src=\"https:\/\/idsmuhendislik.com\/wp-content\/uploads\/2023\/10\/cozunurluk-degistirme.png\" alt=\"\"><\/div>\n                            <div class=\"item\"><img src=\"https:\/\/idsmuhendislik.com\/wp-content\/uploads\/2023\/10\/mono-makine-gri.png\" alt=\"\"><\/div>\n                            <div class=\"item\"><img src=\"https:\/\/idsmuhendislik.com\/wp-content\/uploads\/2023\/10\/Basliksiz-4.png\" alt=\"\"><\/div>\n                            <div class=\"item\"><img src=\"https:\/\/idsmuhendislik.com\/wp-content\/uploads\/2023\/10\/anlas-gri.png\" alt=\"\"><\/div>\n                            <div class=\"item\"><img src=\"https:\/\/idsmuhendislik.com\/wp-content\/uploads\/2023\/10\/turk-traktor-gri.png\" alt=\"\"><\/div>\n                            <div class=\"item\"><img src=\"https:\/\/idsmuhendislik.com\/wp-content\/uploads\/2023\/10\/altay-gri.png\" alt=\"\"><\/div>\n                            <div class=\"item\"><img src=\"https:\/\/idsmuhendislik.com\/wp-content\/uploads\/2023\/10\/bcs-gri.png\" alt=\"\"><\/div>\n                            <div class=\"item\"><img src=\"https:\/\/idsmuhendislik.com\/wp-content\/uploads\/2023\/10\/burc-gri.png\" alt=\"\"><\/div>\n                            <div class=\"item\"><img src=\"https:\/\/idsmuhendislik.com\/wp-content\/uploads\/2023\/10\/mke-gri.png\" alt=\"\"><\/div>\n                            <div class=\"item\"><img src=\"https:\/\/idsmuhendislik.com\/wp-content\/uploads\/2023\/10\/odtu-gri.png\" alt=\"\"><\/div>\n                            <div class=\"item\"><img src=\"https:\/\/idsmuhendislik.com\/wp-content\/uploads\/2023\/10\/petlas-gri.png\" alt=\"\"><\/div>\n                            <div class=\"item\"><img src=\"https:\/\/idsmuhendislik.com\/wp-content\/uploads\/2023\/10\/tarim-orman-bakanligi-gri.png\" alt=\"\"><\/div>\n                    <\/div>\n\n        <script>\n            (function($) { \"use strict\";\n                $(document).ready(function() {\n                    $(\"#owl-logos\").owlCarousel({\n                        items : 5,\n                        itemsDesktop : [1000,5], \n                        itemsDesktopSmall : [900,3],\n                        itemsTablet: [600,2], \n                        itemsMobile : false, \n                        pagination : false,\n                        autoPlay : 5000,\n                        slideSpeed : 300\n                    }); \n                }); \n            })(jQuery); \n        <\/script>\n\n<\/div><\/div><\/div><\/div><div class=\"clearfix\"><\/div><\/section><section class=\"wpb_row vc_custom_1489031703625 vc_row-has-fill\"><div class=\"container\"><div class=\"wpb_column vc_column_container one columns2\"><div class=\"vc_column-inner\"><div class=\"wpb_wrapper\">    \n    <div id=\"owl-sep-1\" class=\"owl-carousel owl-theme owl-sep-1\">                              \n                    <div class=\"item\">                                                          \n                \n                    <div class=\"twelve columns\">\n                        <div class=\"quote-sep\"> \n                            <h4>\u015eirketimizin imk\u00e2n ve kapasitesini en \u00fcst seviyede kullanarak m\u00fc\u015fterilerimizin t\u00fcm \u00fcr\u00fcn ve hizmet beklentilerini d\u00fcnya standartlar\u0131nda kar\u015f\u0131lamak,<\/h4>\n                        <\/div>   \n                    <\/div>\n                                                        \n            <\/div>    \n                         \n    <\/div>\n\n    <script type=\"text\/javascript\">\n        (function($) { \"use strict\";\n            $(document).ready(function() {              \n                $(\".owl-sep-1\").owlCarousel({\n                    navigation: false,\n                    pagination : true,\n                    transitionStyle : \"fade\",\n                    slideSpeed : 500,\n                    paginationSpeed : 500,\n                    singleItem:true,\n                    autoPlay: 5000,\n                });\n            }); \n        })(jQuery);\n    <\/script>\n\n<\/div><\/div><\/div><\/div><div class=\"clearfix\"><\/div><\/section>","protected":false},"excerpt":{"rendered":"(function($) { \"use strict\"; $(document).ready(function() { $(\"#owl-logos\").owlCarousel({ items : 5, itemsDesktop : [1000,5], itemsDesktopSmall : [900,3], itemsTablet: [600,2], itemsMobile : false, pagination : false, autoPlay : 5000, slideSpeed : 300 }); }); })(jQuery); \u015eirketimizin imk\u00e2n ve kapasitesini en \u00fcst seviyede kullanarak m\u00fc\u015fterilerimizin t\u00fcm \u00fcr\u00fcn ve hizmet beklentilerini d\u00fcnya standartlar\u0131nda kar\u015f\u0131lamak, (function($) { \"use strict\"; $(document).ready(function() [...]","protected":false},"author":1,"featured_media":0,"parent":0,"menu_order":0,"comment_status":"closed","ping_status":"closed","template":"page-templates\/template-fullwidth.php","meta":{"footnotes":""},"yoast_head":"<!-- This site is optimized with the Yoast SEO plugin v21.5 - https:\/\/yoast.com\/wordpress\/plugins\/seo\/ -->\n<title>Galeri - \u0130ds M\u00fchendislik<\/title>\n<meta name=\"robots\" content=\"index, follow, max-snippet:-1, max-image-preview:large, max-video-preview:-1\" \/>\n<link rel=\"canonical\" href=\"https:\/\/idsmuhendislik.com\/en\/galeri\/\" \/>\n<meta property=\"og:locale\" content=\"en_US\" \/>\n<meta property=\"og:type\" content=\"article\" \/>\n<meta property=\"og:title\" content=\"Galeri - \u0130ds M\u00fchendislik\" \/>\n<meta property=\"og:url\" content=\"https:\/\/idsmuhendislik.com\/en\/galeri\/\" \/>\n<meta property=\"og:site_name\" content=\"\u0130ds M\u00fchendislik\" \/>\n<meta property=\"article:modified_time\" content=\"2023-11-08T08:30:36+00:00\" \/>\n<meta name=\"twitter:card\" content=\"summary_large_image\" \/>\n<meta name=\"twitter:label1\" content=\"Est. reading time\" \/>\n\t<meta name=\"twitter:data1\" content=\"1 minute\" \/>\n<script type=\"application\/ld+json\" class=\"yoast-schema-graph\">{\"@context\":\"https:\/\/schema.org\",\"@graph\":[{\"@type\":\"WebPage\",\"@id\":\"https:\/\/idsmuhendislik.com\/galeri\/\",\"url\":\"https:\/\/idsmuhendislik.com\/galeri\/\",\"name\":\"Galeri - \u0130ds M\u00fchendislik\",\"isPartOf\":{\"@id\":\"https:\/\/idsmuhendislik.com\/#website\"},\"datePublished\":\"2017-03-09T09:14:45+00:00\",\"dateModified\":\"2023-11-08T08:30:36+00:00\",\"breadcrumb\":{\"@id\":\"https:\/\/idsmuhendislik.com\/galeri\/#breadcrumb\"},\"inLanguage\":\"en-US\",\"potentialAction\":[{\"@type\":\"ReadAction\",\"target\":[\"https:\/\/idsmuhendislik.com\/galeri\/\"]}]},{\"@type\":\"BreadcrumbList\",\"@id\":\"https:\/\/idsmuhendislik.com\/galeri\/#breadcrumb\",\"itemListElement\":[{\"@type\":\"ListItem\",\"position\":1,\"name\":\"Anasayfa\",\"item\":\"https:\/\/idsmuhendislik.com\/\"},{\"@type\":\"ListItem\",\"position\":2,\"name\":\"Galeri\"}]},{\"@type\":\"WebSite\",\"@id\":\"https:\/\/idsmuhendislik.com\/#website\",\"url\":\"https:\/\/idsmuhendislik.com\/\",\"name\":\"idsmuhendislik.com\",\"description\":\"\",\"publisher\":{\"@id\":\"https:\/\/idsmuhendislik.com\/#organization\"},\"potentialAction\":[{\"@type\":\"SearchAction\",\"target\":{\"@type\":\"EntryPoint\",\"urlTemplate\":\"https:\/\/idsmuhendislik.com\/?s={search_term_string}\"},\"query-input\":\"required name=search_term_string\"}],\"inLanguage\":\"en-US\"},{\"@type\":\"Organization\",\"@id\":\"https:\/\/idsmuhendislik.com\/#organization\",\"name\":\"idsmuhendislik.com\",\"url\":\"https:\/\/idsmuhendislik.com\/\",\"logo\":{\"@type\":\"ImageObject\",\"inLanguage\":\"en-US\",\"@id\":\"https:\/\/idsmuhendislik.com\/#\/schema\/logo\/image\/\",\"url\":\"http:\/\/idsmuhendislik.com\/wp-content\/uploads\/2023\/10\/logo.png\",\"contentUrl\":\"http:\/\/idsmuhendislik.com\/wp-content\/uploads\/2023\/10\/logo.png\",\"width\":300,\"height\":80,\"caption\":\"idsmuhendislik.com\"},\"image\":{\"@id\":\"https:\/\/idsmuhendislik.com\/#\/schema\/logo\/image\/\"},\"sameAs\":[\"https:\/\/www.instagram.com\/idsmuhendislik\/\"]}]}<\/script>\n<!-- \/ Yoast SEO plugin. -->","yoast_head_json":{"title":"Galeri - \u0130ds M\u00fchendislik","robots":{"index":"index","follow":"follow","max-snippet":"max-snippet:-1","max-image-preview":"max-image-preview:large","max-video-preview":"max-video-preview:-1"},"canonical":"https:\/\/idsmuhendislik.com\/en\/galeri\/","og_locale":"en_US","og_type":"article","og_title":"Galeri - \u0130ds M\u00fchendislik","og_url":"https:\/\/idsmuhendislik.com\/en\/galeri\/","og_site_name":"\u0130ds M\u00fchendislik","article_modified_time":"2023-11-08T08:30:36+00:00","twitter_card":"summary_large_image","twitter_misc":{"Est. reading time":"1 minute"},"schema":{"@context":"https:\/\/schema.org","@graph":[{"@type":"WebPage","@id":"https:\/\/idsmuhendislik.com\/galeri\/","url":"https:\/\/idsmuhendislik.com\/galeri\/","name":"Galeri - \u0130ds M\u00fchendislik","isPartOf":{"@id":"https:\/\/idsmuhendislik.com\/#website"},"datePublished":"2017-03-09T09:14:45+00:00","dateModified":"2023-11-08T08:30:36+00:00","breadcrumb":{"@id":"https:\/\/idsmuhendislik.com\/galeri\/#breadcrumb"},"inLanguage":"en-US","potentialAction":[{"@type":"ReadAction","target":["https:\/\/idsmuhendislik.com\/galeri\/"]}]},{"@type":"BreadcrumbList","@id":"https:\/\/idsmuhendislik.com\/galeri\/#breadcrumb","itemListElement":[{"@type":"ListItem","position":1,"name":"Anasayfa","item":"https:\/\/idsmuhendislik.com\/"},{"@type":"ListItem","position":2,"name":"Galeri"}]},{"@type":"WebSite","@id":"https:\/\/idsmuhendislik.com\/#website","url":"https:\/\/idsmuhendislik.com\/","name":"idsmuhendislik.com","description":"","publisher":{"@id":"https:\/\/idsmuhendislik.com\/#organization"},"potentialAction":[{"@type":"SearchAction","target":{"@type":"EntryPoint","urlTemplate":"https:\/\/idsmuhendislik.com\/?s={search_term_string}"},"query-input":"required name=search_term_string"}],"inLanguage":"en-US"},{"@type":"Organization","@id":"https:\/\/idsmuhendislik.com\/#organization","name":"idsmuhendislik.com","url":"https:\/\/idsmuhendislik.com\/","logo":{"@type":"ImageObject","inLanguage":"en-US","@id":"https:\/\/idsmuhendislik.com\/#\/schema\/logo\/image\/","url":"http:\/\/idsmuhendislik.com\/wp-content\/uploads\/2023\/10\/logo.png","contentUrl":"http:\/\/idsmuhendislik.com\/wp-content\/uploads\/2023\/10\/logo.png","width":300,"height":80,"caption":"idsmuhendislik.com"},"image":{"@id":"https:\/\/idsmuhendislik.com\/#\/schema\/logo\/image\/"},"sameAs":["https:\/\/www.instagram.com\/idsmuhendislik\/"]}]}},"_links":{"self":[{"href":"https:\/\/idsmuhendislik.com\/en\/wp-json\/wp\/v2\/pages\/418"}],"collection":[{"href":"https:\/\/idsmuhendislik.com\/en\/wp-json\/wp\/v2\/pages"}],"about":[{"href":"https:\/\/idsmuhendislik.com\/en\/wp-json\/wp\/v2\/types\/page"}],"author":[{"embeddable":true,"href":"https:\/\/idsmuhendislik.com\/en\/wp-json\/wp\/v2\/users\/1"}],"replies":[{"embeddable":true,"href":"https:\/\/idsmuhendislik.com\/en\/wp-json\/wp\/v2\/comments?post=418"}],"version-history":[{"count":5,"href":"https:\/\/idsmuhendislik.com\/en\/wp-json\/wp\/v2\/pages\/418\/revisions"}],"predecessor-version":[{"id":1564,"href":"https:\/\/idsmuhendislik.com\/en\/wp-json\/wp\/v2\/pages\/418\/revisions\/1564"}],"wp:attachment":[{"href":"https:\/\/idsmuhendislik.com\/en\/wp-json\/wp\/v2\/media?parent=418"}],"curies":[{"name":"wp","href":"https:\/\/api.w.org\/{rel}","templated":true}]}}