{"id":244,"date":"2017-03-02T09:11:27","date_gmt":"2017-03-02T09:11:27","guid":{"rendered":"http:\/\/localhost\/eurybia\/?page_id=244"},"modified":"2023-11-08T08:30:56","modified_gmt":"2023-11-08T08:30:56","slug":"iletisim","status":"publish","type":"page","link":"https:\/\/idsmuhendislik.com\/en\/iletisim\/","title":{"rendered":"\u0130leti\u015fim"},"content":{"rendered":"<section class=\"wpb_row vc_custom_1488447807545 vc_row-has-fill\"><div class=\"container\"><div class=\"wpb_column vc_column_container one columns2\"><div class=\"vc_column-inner\"><div class=\"wpb_wrapper\">\n<div class=\"wpcf7 no-js\" id=\"wpcf7-f59-o1\" lang=\"en-US\" dir=\"ltr\">\n<div class=\"screen-reader-response\"><p role=\"status\" aria-live=\"polite\" aria-atomic=\"true\"><\/p> <ul><\/ul><\/div>\n<form action=\"\/en\/wp-json\/wp\/v2\/pages\/244#wpcf7-f59-o1\" method=\"post\" class=\"wpcf7-form init\" aria-label=\"Contact form\" novalidate=\"novalidate\" data-status=\"init\" data-trp-original-action=\"\/en\/wp-json\/wp\/v2\/pages\/244#wpcf7-f59-o1\">\n<div style=\"display: none;\">\n<input type=\"hidden\" name=\"_wpcf7\" value=\"59\" \/>\n<input type=\"hidden\" name=\"_wpcf7_version\" value=\"5.8.3\" \/>\n<input type=\"hidden\" name=\"_wpcf7_locale\" value=\"en_US\" \/>\n<input type=\"hidden\" name=\"_wpcf7_unit_tag\" value=\"wpcf7-f59-o1\" \/>\n<input type=\"hidden\" name=\"_wpcf7_container_post\" value=\"0\" \/>\n<input type=\"hidden\" name=\"_wpcf7_posted_data_hash\" value=\"\" \/>\n<\/div>\n<div class=\"six columns\">\n\t<p><span class=\"wpcf7-form-control-wrap\" data-name=\"your-name\"><input size=\"40\" class=\"wpcf7-form-control wpcf7-text wpcf7-validates-as-required\" aria-required=\"true\" aria-invalid=\"false\" placeholder=\"Ad Soyad:*\" value=\"\" type=\"text\" name=\"your-name\" \/><\/span>\n\t<\/p>\n<\/div>\n<div class=\"six columns\">\n\t<p><span class=\"wpcf7-form-control-wrap\" data-name=\"your-email\"><input size=\"40\" class=\"wpcf7-form-control wpcf7-email wpcf7-validates-as-required wpcf7-text wpcf7-validates-as-email\" aria-required=\"true\" aria-invalid=\"false\" placeholder=\"E-Posta:*\" value=\"\" type=\"email\" name=\"your-email\" \/><\/span>\n\t<\/p>\n<\/div>\n<div class=\"twelve columns\">\n\t<p><span class=\"wpcf7-form-control-wrap\" data-name=\"your-messager\"><textarea cols=\"40\" rows=\"10\" class=\"wpcf7-form-control wpcf7-textarea wpcf7-validates-as-required\" aria-required=\"true\" aria-invalid=\"false\" placeholder=\"\u0130stek \/ \u015eikayet ve \u00d6neri Alan\u0131\" name=\"your-messager\"><\/textarea><\/span>\n\t<\/p>\n<\/div>\n<div class=\"twelve columns\">\n\t<div id=\"button-con\">\n\t\t<p><button class=\"button-contact send_message button-effect button--moema button--text-thick button--text-upper button--size-s\" id=\"send\" data-lang=\"en\">G\u00f6nder<\/button>\n\t\t<\/p>\n\t<\/div>\n<\/div><div class=\"wpcf7-response-output\" aria-hidden=\"true\"><\/div>\n<input type=\"hidden\" name=\"trp-form-language\" value=\"en\"\/><\/form>\n<\/div>\n<\/div><\/div><\/div><\/div><div class=\"clearfix\"><\/div><\/section><section class=\"wpb_row vc_custom_1488449080175 vc_row-has-fill\"><div class=\"container\"><div class=\"wpb_column vc_column_container three columns\"><div class=\"vc_column-inner\"><div class=\"wpb_wrapper\">    \n\n    <div class=\"about-wrap\">\n        <div class=\"about-icon\">\n            <i class=\"fa fa-envelope\"><\/i>                       \n        <\/div>\n        <h5>E-Posta ile Ula\u015f\u0131n<\/h5>\n        <p><a href=\"mailto: info@idsmuhendislik.com\"><strong>info@idsmuhendislik.com<\/strong><\/a><\/p>\n    <\/div>\n    \n<\/div><\/div><\/div><div class=\"wpb_column vc_column_container three columns\"><div class=\"vc_column-inner\"><div class=\"wpb_wrapper\">    \n\n    <div class=\"about-wrap\">\n        <div class=\"about-icon\">\n            <i class=\"fa fa-phone\"><\/i>                       \n        <\/div>\n        <h5>Bizi Aray\u0131n<\/h5>\n        <p><a href=\"tel: 0 553 980 0174\"><strong>0 553 980 0174<\/strong><\/a><\/p>\n    <\/div>\n    \n<\/div><\/div><\/div><div class=\"wpb_column vc_column_container three columns\"><div class=\"vc_column-inner\"><div class=\"wpb_wrapper\">    \n\n    <div class=\"about-wrap\">\n        <div class=\"about-icon\">\n            <i class=\"fa fa-map-marker\"><\/i>                       \n        <\/div>\n        <h5>Adresimiz<\/h5>\n        <p><a href=\"https:\/\/www.google.com\/maps\/dir\/39.9919304,32.6616512\/%C4%B0DS+END%C3%9CSTR%C4%B0YEL+OTOMASYON+VE+MAK%C4%B0NE+S%C4%B0STEMLER%C4%B0,+1397+Sok.+OSB+%C4%B0%C5%9F+Merkezi+D:1%2F15,+06378+Yenimahalle%2FAnkara\/@39.9943242,32.7123068,13z\/data=!4m9!4m8!1m1!4e1!1m5!1m1!1s0x14d34962a219fe41:0xf59d1e2c890b85a5!2m2!1d32.750151!2d39.9883878?entry=ttu\">OSB \u0130\u015e MERKEZ\u0130 1354.CAD 1397.SK 1\/15<br \/>\nOstim Osb\/Yenimahalle\/ANKARA<\/a><\/p>\n    <\/div>\n    \n<\/div><\/div><\/div><div class=\"wpb_column vc_column_container three columns\"><div class=\"vc_column-inner\"><div class=\"wpb_wrapper\">    \n\n    <div class=\"about-wrap\">\n        <div class=\"about-icon\">\n            <i class=\"fa fa-map-marker\"><\/i>                       \n        <\/div>\n        <h5>Fabrika<\/h5>\n        <p><a href=\"https:\/\/www.google.com\/search?sca_esv=578099941&rlz=1C1CHZN_trTR946TR946&tbm=lcl&sxsrf=AM9HkKmHy21ROaE2ph5FgXtBg-I1Ak-C1A:1698747224980&q=3797.cadde+no+16&spell=1&sa=X&ved=2ahUKEwi0s6HHhqCCAxV2VfEDHa_WBv8QBSgAegQIGhAB&biw=1920&bih=969&dpr=1\">DEMPA SANAY\u0130 S\u0130TES\u0130 3797. CAD NO:16-18 Susuz\/Yenimahalle\/ANKARA<\/a><\/p>\n    <\/div>\n    \n<\/div><\/div><\/div><\/div><div class=\"clearfix\"><\/div><\/section><section class=\"wpb_row\"><div class=\"row\"><div class=\"wpb_column vc_column_container one columns2\"><div class=\"vc_column-inner\"><div class=\"wpb_wrapper\">\n    <div id=\"cd-google-map\">\n        <div id=\"google-container\" style=\"position: relative;width: 100%;height: 475;\"><\/div>\n        <div id=\"cd-zoom-in\"><\/div>\n        <div id=\"cd-zoom-out\"><\/div>\n                    <address>\n                                <p>OSB \u0130\u015e MERKEZ\u0130 1354.CAD 1397.SK 1\/15 Ostim Osb\/Yenimahalle\/ANKARA<\/p>            <\/address>\n            <\/div>  \n\n    <script type=\"text\/javascript\">\n        \n        (function($) { \"use strict\"\n            var latitude = 39.992596785433186,\n                longitude = 32.73584722623629,\n                map_zoom = 15;\n\n            \/\/google map custom marker icon - .png fallback for IE11\n            var is_internetExplorer11= navigator.userAgent.toLowerCase().indexOf('trident') > -1;\n            var marker_url = 'https:\/\/idsmuhendislik.com\/wp-content\/uploads\/2017\/03\/cd-icon-location.png';\n                \n            \/\/define the basic color of your map, plus a value for saturation and brightness\n            var main_color = '#e67e22',\n                saturation_value= -50,\n                brightness_value= 14;\n\n            \/\/we define here the style of the map\n            var style= [\n                {\n                    \"featureType\": \"all\",\n                    \"elementType\": \"labels.text.fill\",\n                    \"stylers\": [\n                        {\n                            \"saturation\": 36\n                        },\n                        {\n                            \"color\": \"#000000\"\n                        },\n                        {\n                            \"lightness\": 40\n                        }\n                    ]\n                },\n                {\n                    \"featureType\": \"all\",\n                    \"elementType\": \"labels.text.stroke\",\n                    \"stylers\": [\n                        {\n                            \"visibility\": \"on\"\n                        },\n                        {\n                            \"color\": \"#000000\"\n                        },\n                        {\n                            \"lightness\": 16\n                        }\n                    ]\n                },\n                {\n                    \"featureType\": \"all\",\n                    \"elementType\": \"labels.icon\",\n                    \"stylers\": [\n                        {\n                            \"visibility\": \"off\"\n                        }\n                    ]\n                },\n                {\n                    \"featureType\": \"administrative\",\n                    \"elementType\": \"geometry.fill\",\n                    \"stylers\": [\n                        {\n                            \"color\": \"#000000\"\n                        },\n                        {\n                            \"lightness\": 20\n                        }\n                    ]\n                },\n                {\n                    \"featureType\": \"administrative\",\n                    \"elementType\": \"geometry.stroke\",\n                    \"stylers\": [\n                        {\n                            \"color\": \"#000000\"\n                        },\n                        {\n                            \"lightness\": 17\n                        },\n                        {\n                            \"weight\": 1.2\n                        }\n                    ]\n                },\n                {\n                    \"featureType\": \"landscape\",\n                    \"elementType\": \"geometry\",\n                    \"stylers\": [\n                        {\n                            \"color\": \"#000000\"\n                        },\n                        {\n                            \"lightness\": 20\n                        }\n                    ]\n                },\n                {\n                    \"featureType\": \"poi\",\n                    \"elementType\": \"geometry\",\n                    \"stylers\": [\n                        {\n                            \"color\": \"#000000\"\n                        },\n                        {\n                            \"lightness\": 21\n                        }\n                    ]\n                },\n                {\n                    \"featureType\": \"road.highway\",\n                    \"elementType\": \"geometry.fill\",\n                    \"stylers\": [\n                        {\n                            \"color\": \"#000000\"\n                        },\n                        {\n                            \"lightness\": 17\n                        }\n                    ]\n                },\n                {\n                    \"featureType\": \"road.highway\",\n                    \"elementType\": \"geometry.stroke\",\n                    \"stylers\": [\n                        {\n                            \"color\": \"#000000\"\n                        },\n                        {\n                            \"lightness\": 29\n                        },\n                        {\n                            \"weight\": 0.2\n                        }\n                    ]\n                },\n                {\n                    \"featureType\": \"road.arterial\",\n                    \"elementType\": \"geometry\",\n                    \"stylers\": [\n                        {\n                            \"color\": \"#000000\"\n                        },\n                        {\n                            \"lightness\": 18\n                        }\n                    ]\n                },\n                {\n                    \"featureType\": \"road.local\",\n                    \"elementType\": \"geometry\",\n                    \"stylers\": [\n                        {\n                            \"color\": \"#000000\"\n                        },\n                        {\n                            \"lightness\": 16\n                        }\n                    ]\n                },\n                {\n                    \"featureType\": \"transit\",\n                    \"elementType\": \"geometry\",\n                    \"stylers\": [\n                        {\n                            \"color\": \"#000000\"\n                        },\n                        {\n                            \"lightness\": 19\n                        }\n                    ]\n                },\n                {\n                    \"featureType\": \"water\",\n                    \"elementType\": \"geometry\",\n                    \"stylers\": [\n                        {\n                            \"color\": \"#000000\"\n                        },\n                        {\n                            \"lightness\": 17\n                        }\n                    ]\n                }\n            ];\n                \n            \/\/set google map options\n            var map_options = {\n                center: new google.maps.LatLng(latitude, longitude),\n                zoom: map_zoom,\n                panControl: false,\n                zoomControl: false,\n                mapTypeControl: false,\n                streetViewControl: false,\n                mapTypeId: google.maps.MapTypeId.ROADMAP,\n                scrollwheel: false,\n                styles: style,\n            }\n            \/\/inizialize the map\n            var map = new google.maps.Map(document.getElementById('google-container'), map_options);\n            \/\/add a custom marker to the map                \n            var marker = new google.maps.Marker({\n                position: new google.maps.LatLng(latitude, longitude),\n                map: map,\n                visible: true,\n                icon: marker_url,\n            });\n\n            \/\/add custom buttons for the zoom-in\/zoom-out on the map\n            function CustomZoomControl(controlDiv, map) {\n                \/\/grap the zoom elements from the DOM and insert them in the map \n                var controlUIzoomIn= document.getElementById('cd-zoom-in'),\n                    controlUIzoomOut= document.getElementById('cd-zoom-out');\n                controlDiv.appendChild(controlUIzoomIn);\n                controlDiv.appendChild(controlUIzoomOut);\n\n                \/\/ Setup the click event listeners and zoom-in or out according to the clicked element\n                google.maps.event.addDomListener(controlUIzoomIn, 'click', function() {\n                    map.setZoom(map.getZoom()+1)\n                });\n                google.maps.event.addDomListener(controlUIzoomOut, 'click', function() {\n                    map.setZoom(map.getZoom()-1)\n                });\n            }\n\n            var zoomControlDiv = document.createElement('div');\n            var zoomControl = new CustomZoomControl(zoomControlDiv, map);\n\n            \/\/insert the zoom div on the top left of the map\n            map.controls[google.maps.ControlPosition.LEFT_TOP].push(zoomControlDiv);            \n        })(jQuery);\n\n    <\/script>\n\n    <\/div><\/div><\/div><div class=\"wpb_column vc_column_container one columns2\"><div class=\"vc_column-inner\"><div class=\"wpb_wrapper\"><\/div><\/div><\/div><\/div><div class=\"clearfix\"><\/div><\/section><section class=\"wpb_row vc_custom_1699432252349 vc_row-has-fill vc_column-gap-2\"><div class=\"container\"><div class=\"wpb_column vc_column_container one columns2\"><div class=\"vc_column-inner\"><div class=\"wpb_wrapper\">            \n        <div id=\"owl-logos\" class=\"owl-carousel owl-theme owl-logos padding-bottom-0\">\n                            <div class=\"item\"><img src=\"https:\/\/idsmuhendislik.com\/wp-content\/uploads\/2023\/10\/torksan-logo-buyutme.png\" alt=\"\"><\/div>\n                            <div class=\"item\"><img src=\"https:\/\/idsmuhendislik.com\/wp-content\/uploads\/2023\/10\/cozunurluk-degistirme.png\" alt=\"\"><\/div>\n                            <div class=\"item\"><img src=\"https:\/\/idsmuhendislik.com\/wp-content\/uploads\/2023\/10\/mono-makine-gri.png\" alt=\"\"><\/div>\n                            <div class=\"item\"><img src=\"https:\/\/idsmuhendislik.com\/wp-content\/uploads\/2023\/10\/Basliksiz-4.png\" alt=\"\"><\/div>\n                            <div class=\"item\"><img src=\"https:\/\/idsmuhendislik.com\/wp-content\/uploads\/2023\/10\/anlas-gri.png\" alt=\"\"><\/div>\n                            <div class=\"item\"><img src=\"https:\/\/idsmuhendislik.com\/wp-content\/uploads\/2023\/10\/turk-traktor-gri.png\" alt=\"\"><\/div>\n                            <div class=\"item\"><img src=\"https:\/\/idsmuhendislik.com\/wp-content\/uploads\/2023\/10\/altay-gri.png\" alt=\"\"><\/div>\n                            <div class=\"item\"><img src=\"https:\/\/idsmuhendislik.com\/wp-content\/uploads\/2023\/10\/bcs-gri.png\" alt=\"\"><\/div>\n                            <div class=\"item\"><img src=\"https:\/\/idsmuhendislik.com\/wp-content\/uploads\/2023\/10\/burc-gri.png\" alt=\"\"><\/div>\n                            <div class=\"item\"><img src=\"https:\/\/idsmuhendislik.com\/wp-content\/uploads\/2023\/10\/mke-gri.png\" alt=\"\"><\/div>\n                            <div class=\"item\"><img src=\"https:\/\/idsmuhendislik.com\/wp-content\/uploads\/2023\/10\/odtu-gri.png\" alt=\"\"><\/div>\n                            <div class=\"item\"><img src=\"https:\/\/idsmuhendislik.com\/wp-content\/uploads\/2023\/10\/petlas-gri.png\" alt=\"\"><\/div>\n                            <div class=\"item\"><img src=\"https:\/\/idsmuhendislik.com\/wp-content\/uploads\/2023\/10\/tarim-orman-bakanligi-gri.png\" alt=\"\"><\/div>\n                    <\/div>\n\n        <script>\n            (function($) { \"use strict\";\n                $(document).ready(function() {\n                    $(\"#owl-logos\").owlCarousel({\n                        items : 5,\n                        itemsDesktop : [1000,5], \n                        itemsDesktopSmall : [900,3],\n                        itemsTablet: [600,2], \n                        itemsMobile : false, \n                        pagination : false,\n                        autoPlay : 5000,\n                        slideSpeed : 300\n                    }); \n                }); \n            })(jQuery); \n        <\/script>\n\n<\/div><\/div><\/div><\/div><div class=\"clearfix\"><\/div><\/section>","protected":false},"excerpt":{"rendered":"G\u00f6nder E-Posta ile Ula\u015f\u0131n info@idsmuhendislik.com Bizi Aray\u0131n 0 553 980 0174 Adresimiz OSB \u0130\u015e MERKEZ\u0130 1354.CAD 1397.SK 1\/15 Ostim Osb\/Yenimahalle\/ANKARA Fabrika DEMPA SANAY\u0130 S\u0130TES\u0130 3797. CAD NO:16-18 Susuz\/Yenimahalle\/ANKARA OSB \u0130\u015e MERKEZ\u0130 1354.CAD 1397.SK 1\/15 Ostim Osb\/Yenimahalle\/ANKARA (function($) { \"use strict\" var latitude = 39.992596785433186, longitude = 32.73584722623629, map_zoom = 15; \/\/google map custom marker icon [...]","protected":false},"author":1,"featured_media":0,"parent":0,"menu_order":0,"comment_status":"closed","ping_status":"closed","template":"page-templates\/template-fullwidth.php","meta":{"footnotes":""},"yoast_head":"<!-- This site is optimized with the Yoast SEO plugin v21.5 - https:\/\/yoast.com\/wordpress\/plugins\/seo\/ -->\n<title>\u0130leti\u015fim - \u0130ds M\u00fchendislik<\/title>\n<meta name=\"robots\" content=\"index, follow, max-snippet:-1, max-image-preview:large, max-video-preview:-1\" \/>\n<link rel=\"canonical\" href=\"https:\/\/idsmuhendislik.com\/en\/iletisim\/\" \/>\n<meta property=\"og:locale\" content=\"en_US\" \/>\n<meta property=\"og:type\" content=\"article\" \/>\n<meta property=\"og:title\" content=\"\u0130leti\u015fim - \u0130ds M\u00fchendislik\" \/>\n<meta property=\"og:url\" content=\"https:\/\/idsmuhendislik.com\/en\/iletisim\/\" \/>\n<meta property=\"og:site_name\" content=\"\u0130ds M\u00fchendislik\" \/>\n<meta property=\"article:modified_time\" content=\"2023-11-08T08:30:56+00:00\" \/>\n<meta name=\"twitter:card\" content=\"summary_large_image\" \/>\n<meta name=\"twitter:label1\" content=\"Est. reading time\" \/>\n\t<meta name=\"twitter:data1\" content=\"1 minute\" \/>\n<script type=\"application\/ld+json\" class=\"yoast-schema-graph\">{\"@context\":\"https:\/\/schema.org\",\"@graph\":[{\"@type\":\"WebPage\",\"@id\":\"https:\/\/idsmuhendislik.com\/iletisim\/\",\"url\":\"https:\/\/idsmuhendislik.com\/iletisim\/\",\"name\":\"\u0130leti\u015fim - \u0130ds M\u00fchendislik\",\"isPartOf\":{\"@id\":\"https:\/\/idsmuhendislik.com\/#website\"},\"datePublished\":\"2017-03-02T09:11:27+00:00\",\"dateModified\":\"2023-11-08T08:30:56+00:00\",\"breadcrumb\":{\"@id\":\"https:\/\/idsmuhendislik.com\/iletisim\/#breadcrumb\"},\"inLanguage\":\"en-US\",\"potentialAction\":[{\"@type\":\"ReadAction\",\"target\":[\"https:\/\/idsmuhendislik.com\/iletisim\/\"]}]},{\"@type\":\"BreadcrumbList\",\"@id\":\"https:\/\/idsmuhendislik.com\/iletisim\/#breadcrumb\",\"itemListElement\":[{\"@type\":\"ListItem\",\"position\":1,\"name\":\"Anasayfa\",\"item\":\"https:\/\/idsmuhendislik.com\/\"},{\"@type\":\"ListItem\",\"position\":2,\"name\":\"\u0130leti\u015fim\"}]},{\"@type\":\"WebSite\",\"@id\":\"https:\/\/idsmuhendislik.com\/#website\",\"url\":\"https:\/\/idsmuhendislik.com\/\",\"name\":\"idsmuhendislik.com\",\"description\":\"\",\"publisher\":{\"@id\":\"https:\/\/idsmuhendislik.com\/#organization\"},\"potentialAction\":[{\"@type\":\"SearchAction\",\"target\":{\"@type\":\"EntryPoint\",\"urlTemplate\":\"https:\/\/idsmuhendislik.com\/?s={search_term_string}\"},\"query-input\":\"required name=search_term_string\"}],\"inLanguage\":\"en-US\"},{\"@type\":\"Organization\",\"@id\":\"https:\/\/idsmuhendislik.com\/#organization\",\"name\":\"idsmuhendislik.com\",\"url\":\"https:\/\/idsmuhendislik.com\/\",\"logo\":{\"@type\":\"ImageObject\",\"inLanguage\":\"en-US\",\"@id\":\"https:\/\/idsmuhendislik.com\/#\/schema\/logo\/image\/\",\"url\":\"http:\/\/idsmuhendislik.com\/wp-content\/uploads\/2023\/10\/logo.png\",\"contentUrl\":\"http:\/\/idsmuhendislik.com\/wp-content\/uploads\/2023\/10\/logo.png\",\"width\":300,\"height\":80,\"caption\":\"idsmuhendislik.com\"},\"image\":{\"@id\":\"https:\/\/idsmuhendislik.com\/#\/schema\/logo\/image\/\"},\"sameAs\":[\"https:\/\/www.instagram.com\/idsmuhendislik\/\"]}]}<\/script>\n<!-- \/ Yoast SEO plugin. -->","yoast_head_json":{"title":"\u0130leti\u015fim - \u0130ds M\u00fchendislik","robots":{"index":"index","follow":"follow","max-snippet":"max-snippet:-1","max-image-preview":"max-image-preview:large","max-video-preview":"max-video-preview:-1"},"canonical":"https:\/\/idsmuhendislik.com\/en\/iletisim\/","og_locale":"en_US","og_type":"article","og_title":"\u0130leti\u015fim - \u0130ds M\u00fchendislik","og_url":"https:\/\/idsmuhendislik.com\/en\/iletisim\/","og_site_name":"\u0130ds M\u00fchendislik","article_modified_time":"2023-11-08T08:30:56+00:00","twitter_card":"summary_large_image","twitter_misc":{"Est. reading time":"1 minute"},"schema":{"@context":"https:\/\/schema.org","@graph":[{"@type":"WebPage","@id":"https:\/\/idsmuhendislik.com\/iletisim\/","url":"https:\/\/idsmuhendislik.com\/iletisim\/","name":"\u0130leti\u015fim - \u0130ds M\u00fchendislik","isPartOf":{"@id":"https:\/\/idsmuhendislik.com\/#website"},"datePublished":"2017-03-02T09:11:27+00:00","dateModified":"2023-11-08T08:30:56+00:00","breadcrumb":{"@id":"https:\/\/idsmuhendislik.com\/iletisim\/#breadcrumb"},"inLanguage":"en-US","potentialAction":[{"@type":"ReadAction","target":["https:\/\/idsmuhendislik.com\/iletisim\/"]}]},{"@type":"BreadcrumbList","@id":"https:\/\/idsmuhendislik.com\/iletisim\/#breadcrumb","itemListElement":[{"@type":"ListItem","position":1,"name":"Anasayfa","item":"https:\/\/idsmuhendislik.com\/"},{"@type":"ListItem","position":2,"name":"\u0130leti\u015fim"}]},{"@type":"WebSite","@id":"https:\/\/idsmuhendislik.com\/#website","url":"https:\/\/idsmuhendislik.com\/","name":"idsmuhendislik.com","description":"","publisher":{"@id":"https:\/\/idsmuhendislik.com\/#organization"},"potentialAction":[{"@type":"SearchAction","target":{"@type":"EntryPoint","urlTemplate":"https:\/\/idsmuhendislik.com\/?s={search_term_string}"},"query-input":"required name=search_term_string"}],"inLanguage":"en-US"},{"@type":"Organization","@id":"https:\/\/idsmuhendislik.com\/#organization","name":"idsmuhendislik.com","url":"https:\/\/idsmuhendislik.com\/","logo":{"@type":"ImageObject","inLanguage":"en-US","@id":"https:\/\/idsmuhendislik.com\/#\/schema\/logo\/image\/","url":"http:\/\/idsmuhendislik.com\/wp-content\/uploads\/2023\/10\/logo.png","contentUrl":"http:\/\/idsmuhendislik.com\/wp-content\/uploads\/2023\/10\/logo.png","width":300,"height":80,"caption":"idsmuhendislik.com"},"image":{"@id":"https:\/\/idsmuhendislik.com\/#\/schema\/logo\/image\/"},"sameAs":["https:\/\/www.instagram.com\/idsmuhendislik\/"]}]}},"_links":{"self":[{"href":"https:\/\/idsmuhendislik.com\/en\/wp-json\/wp\/v2\/pages\/244"}],"collection":[{"href":"https:\/\/idsmuhendislik.com\/en\/wp-json\/wp\/v2\/pages"}],"about":[{"href":"https:\/\/idsmuhendislik.com\/en\/wp-json\/wp\/v2\/types\/page"}],"author":[{"embeddable":true,"href":"https:\/\/idsmuhendislik.com\/en\/wp-json\/wp\/v2\/users\/1"}],"replies":[{"embeddable":true,"href":"https:\/\/idsmuhendislik.com\/en\/wp-json\/wp\/v2\/comments?post=244"}],"version-history":[{"count":7,"href":"https:\/\/idsmuhendislik.com\/en\/wp-json\/wp\/v2\/pages\/244\/revisions"}],"predecessor-version":[{"id":1565,"href":"https:\/\/idsmuhendislik.com\/en\/wp-json\/wp\/v2\/pages\/244\/revisions\/1565"}],"wp:attachment":[{"href":"https:\/\/idsmuhendislik.com\/en\/wp-json\/wp\/v2\/media?parent=244"}],"curies":[{"name":"wp","href":"https:\/\/api.w.org\/{rel}","templated":true}]}}