{"id":219,"date":"2017-03-02T06:44:42","date_gmt":"2017-03-02T06:44:42","guid":{"rendered":"http:\/\/localhost\/eurybia\/?page_id=219"},"modified":"2023-11-08T08:28:50","modified_gmt":"2023-11-08T08:28:50","slug":"hizmetlerimiz","status":"publish","type":"page","link":"https:\/\/idsmuhendislik.com\/en\/hizmetlerimiz\/","title":{"rendered":"Hizmetlerimiz"},"content":{"rendered":"<section class=\"wpb_row vc_custom_1488437715147 vc_row-has-fill\"><div class=\"container\"><div class=\"wpb_column vc_column_container four columns\"><div class=\"vc_column-inner\"><div class=\"wpb_wrapper\">    \n\n    <div class=\"about-wrap\">\n        <div class=\"about-icon\">\n            <img src=\"https:\/\/idsmuhendislik.com\/wp-content\/uploads\/2023\/11\/icons8-tank-50.png\" alt=\"\">                       \n        <\/div>\n        <h5>Savunma Sanayi<\/h5>\n        <p>Firma olarak \u00fclkemizin ulusal ve yerel savunma sanayisine vermi\u015f oldu\u011fu \u00f6nemi benimseyerek farkl\u0131 savunma sistemlerini hayata ge\u00e7irmekteyiz.<\/p>\n    <\/div>\n    \n<\/div><\/div><\/div><div class=\"wpb_column vc_column_container four columns\"><div class=\"vc_column-inner\"><div class=\"wpb_wrapper\">    \n\n    <div class=\"about-wrap\">\n        <div class=\"about-icon\">\n            <img src=\"https:\/\/idsmuhendislik.com\/wp-content\/uploads\/2023\/11\/icons8-automation-50.png\" alt=\"\">                       \n        <\/div>\n        <h5>End\u00fcstriyel Otomasyon Sistemleri<\/h5>\n        <p>D\u00fcnya&#8217;da ilerleyen otomasyon sistemli \u00fcretimlerin bulundu\u011fu her sekt\u00f6re destek vermekteyiz.<\/p>\n    <\/div>\n    \n<\/div><\/div><\/div><div class=\"wpb_column vc_column_container four columns\"><div class=\"vc_column-inner\"><div class=\"wpb_wrapper\">    \n\n    <div class=\"about-wrap\">\n        <div class=\"about-icon\">\n            <img src=\"https:\/\/idsmuhendislik.com\/wp-content\/uploads\/2023\/11\/icons8-tractor-50.png\" alt=\"\">                       \n        <\/div>\n        <h5>End\u00fcstriyel Test Sistemleri<\/h5>\n        <p>\u00dcretilmi\u015f \u00fcr\u00fcnlerin gerekli test sistemlerini yapmakta ve bu sistemlerde \u00fcr\u00fcn\u00fcn\u00fcz\u00fcn kalite, dayan\u0131m vb. sonu\u00e7lar\u0131n\u0131 kay\u0131t alt\u0131na ald\u0131\u011f\u0131m\u0131z sistemler yapmaktay\u0131z.<\/p>\n    <\/div>\n    \n<\/div><\/div><\/div><div class=\"wpb_column vc_column_container six columns\"><div class=\"vc_column-inner\"><div class=\"wpb_wrapper\">    \n\n    <div class=\"about-wrap\">\n        <div class=\"about-icon\">\n            <img src=\"https:\/\/idsmuhendislik.com\/wp-content\/uploads\/2023\/11\/icons8-machinery-50.png\" alt=\"\">                       \n        <\/div>\n        <h5>Makine Sanayi<\/h5>\n        <p>Makine sanayisine ergonomik, \u00f6zel tasar\u0131m ve d\u00fc\u015f\u00fck maliyetli y\u00fcksek \u00fcretim hacimli sistemler tasarlayarak Otomasyon Sistemli \u00d6zel Makinelerimiz ile hizmet vermekteyiz.<\/p>\n    <\/div>\n    \n<\/div><\/div><\/div><div class=\"wpb_column vc_column_container six columns\"><div class=\"vc_column-inner\"><div class=\"wpb_wrapper\">    \n\n    <div class=\"about-wrap\">\n        <div class=\"about-icon\">\n            <img src=\"https:\/\/idsmuhendislik.com\/wp-content\/uploads\/2023\/11\/icons8-chip-50.png\" alt=\"\">                       \n        <\/div>\n        <h5>PLC ve Scada Sistemleri<\/h5>\n        <p>Firma olarak PLC, Scada, HMI, Servo Motor ve S\u00fcr\u00fcc\u00fcleri, tecr\u00fcbe birikimimizin ve saha y\u00f6netimimizin bize katm\u0131\u015f olduklar\u0131yla en do\u011fru \u00fcr\u00fcnleri sisteme en uygununu tercih etmekteyiz<\/p>\n    <\/div>\n    \n<\/div><\/div><\/div><\/div><div class=\"clearfix\"><\/div><\/section><section class=\"wpb_row vc_custom_1699432124489 vc_row-has-fill vc_column-gap-2\"><div class=\"container\"><div class=\"wpb_column vc_column_container one columns2\"><div class=\"vc_column-inner\"><div class=\"wpb_wrapper\">            \n        <div id=\"owl-logos\" class=\"owl-carousel owl-theme owl-logos padding-bottom-0\">\n                            <div class=\"item\"><img src=\"https:\/\/idsmuhendislik.com\/wp-content\/uploads\/2023\/10\/torksan-logo-buyutme.png\" alt=\"\"><\/div>\n                            <div class=\"item\"><img src=\"https:\/\/idsmuhendislik.com\/wp-content\/uploads\/2023\/10\/cozunurluk-degistirme.png\" alt=\"\"><\/div>\n                            <div class=\"item\"><img src=\"https:\/\/idsmuhendislik.com\/wp-content\/uploads\/2023\/10\/mono-makine-gri.png\" alt=\"\"><\/div>\n                            <div class=\"item\"><img src=\"https:\/\/idsmuhendislik.com\/wp-content\/uploads\/2023\/10\/Basliksiz-4.png\" alt=\"\"><\/div>\n                            <div class=\"item\"><img src=\"https:\/\/idsmuhendislik.com\/wp-content\/uploads\/2023\/10\/anlas-gri.png\" alt=\"\"><\/div>\n                            <div class=\"item\"><img src=\"https:\/\/idsmuhendislik.com\/wp-content\/uploads\/2023\/10\/turk-traktor-gri.png\" alt=\"\"><\/div>\n                            <div class=\"item\"><img src=\"https:\/\/idsmuhendislik.com\/wp-content\/uploads\/2023\/10\/altay-gri.png\" alt=\"\"><\/div>\n                            <div class=\"item\"><img src=\"https:\/\/idsmuhendislik.com\/wp-content\/uploads\/2023\/10\/bcs-gri.png\" alt=\"\"><\/div>\n                            <div class=\"item\"><img src=\"https:\/\/idsmuhendislik.com\/wp-content\/uploads\/2023\/10\/burc-gri.png\" alt=\"\"><\/div>\n                            <div class=\"item\"><img src=\"https:\/\/idsmuhendislik.com\/wp-content\/uploads\/2023\/10\/mke-gri.png\" alt=\"\"><\/div>\n                            <div class=\"item\"><img src=\"https:\/\/idsmuhendislik.com\/wp-content\/uploads\/2023\/10\/odtu-gri.png\" alt=\"\"><\/div>\n                            <div class=\"item\"><img src=\"https:\/\/idsmuhendislik.com\/wp-content\/uploads\/2023\/10\/petlas-gri.png\" alt=\"\"><\/div>\n                            <div class=\"item\"><img src=\"https:\/\/idsmuhendislik.com\/wp-content\/uploads\/2023\/10\/tarim-orman-bakanligi-gri.png\" alt=\"\"><\/div>\n                    <\/div>\n\n        <script>\n            (function($) { \"use strict\";\n                $(document).ready(function() {\n                    $(\"#owl-logos\").owlCarousel({\n                        items : 5,\n                        itemsDesktop : [1000,5], \n                        itemsDesktopSmall : [900,3],\n                        itemsTablet: [600,2], \n                        itemsMobile : false, \n                        pagination : false,\n                        autoPlay : 5000,\n                        slideSpeed : 300\n                    }); \n                }); \n            })(jQuery); \n        <\/script>\n\n<\/div><\/div><\/div><\/div><div class=\"clearfix\"><\/div><\/section>","protected":false},"excerpt":{"rendered":"Savunma Sanayi Firma olarak \u00fclkemizin ulusal ve yerel savunma sanayisine vermi\u015f oldu\u011fu \u00f6nemi benimseyerek farkl\u0131 savunma sistemlerini hayata ge\u00e7irmekteyiz. End\u00fcstriyel Otomasyon Sistemleri D\u00fcnya'da ilerleyen otomasyon sistemli \u00fcretimlerin bulundu\u011fu her sekt\u00f6re destek vermekteyiz. End\u00fcstriyel Test Sistemleri \u00dcretilmi\u015f \u00fcr\u00fcnlerin gerekli test sistemlerini yapmakta ve bu sistemlerde \u00fcr\u00fcn\u00fcn\u00fcz\u00fcn kalite, dayan\u0131m vb. sonu\u00e7lar\u0131n\u0131 kay\u0131t alt\u0131na ald\u0131\u011f\u0131m\u0131z sistemler yapmaktay\u0131z. Makine [...]","protected":false},"author":1,"featured_media":0,"parent":0,"menu_order":0,"comment_status":"closed","ping_status":"closed","template":"page-templates\/template-fullwidth.php","meta":{"footnotes":""},"yoast_head":"<!-- This site is optimized with the Yoast SEO plugin v21.5 - https:\/\/yoast.com\/wordpress\/plugins\/seo\/ -->\n<title>Hizmetlerimiz - \u0130ds M\u00fchendislik<\/title>\n<meta name=\"robots\" content=\"index, follow, max-snippet:-1, max-image-preview:large, max-video-preview:-1\" \/>\n<link rel=\"canonical\" href=\"https:\/\/idsmuhendislik.com\/en\/hizmetlerimiz\/\" \/>\n<meta property=\"og:locale\" content=\"en_US\" \/>\n<meta property=\"og:type\" content=\"article\" \/>\n<meta property=\"og:title\" content=\"Hizmetlerimiz - \u0130ds M\u00fchendislik\" \/>\n<meta property=\"og:url\" content=\"https:\/\/idsmuhendislik.com\/en\/hizmetlerimiz\/\" \/>\n<meta property=\"og:site_name\" content=\"\u0130ds M\u00fchendislik\" \/>\n<meta property=\"article:modified_time\" content=\"2023-11-08T08:28:50+00:00\" \/>\n<meta name=\"twitter:card\" content=\"summary_large_image\" \/>\n<meta name=\"twitter:label1\" content=\"Est. reading time\" \/>\n\t<meta name=\"twitter:data1\" content=\"1 minute\" \/>\n<script type=\"application\/ld+json\" class=\"yoast-schema-graph\">{\"@context\":\"https:\/\/schema.org\",\"@graph\":[{\"@type\":\"WebPage\",\"@id\":\"https:\/\/idsmuhendislik.com\/hizmetlerimiz\/\",\"url\":\"https:\/\/idsmuhendislik.com\/hizmetlerimiz\/\",\"name\":\"Hizmetlerimiz - \u0130ds M\u00fchendislik\",\"isPartOf\":{\"@id\":\"https:\/\/idsmuhendislik.com\/#website\"},\"datePublished\":\"2017-03-02T06:44:42+00:00\",\"dateModified\":\"2023-11-08T08:28:50+00:00\",\"breadcrumb\":{\"@id\":\"https:\/\/idsmuhendislik.com\/hizmetlerimiz\/#breadcrumb\"},\"inLanguage\":\"en-US\",\"potentialAction\":[{\"@type\":\"ReadAction\",\"target\":[\"https:\/\/idsmuhendislik.com\/hizmetlerimiz\/\"]}]},{\"@type\":\"BreadcrumbList\",\"@id\":\"https:\/\/idsmuhendislik.com\/hizmetlerimiz\/#breadcrumb\",\"itemListElement\":[{\"@type\":\"ListItem\",\"position\":1,\"name\":\"Anasayfa\",\"item\":\"https:\/\/idsmuhendislik.com\/\"},{\"@type\":\"ListItem\",\"position\":2,\"name\":\"Hizmetlerimiz\"}]},{\"@type\":\"WebSite\",\"@id\":\"https:\/\/idsmuhendislik.com\/#website\",\"url\":\"https:\/\/idsmuhendislik.com\/\",\"name\":\"idsmuhendislik.com\",\"description\":\"\",\"publisher\":{\"@id\":\"https:\/\/idsmuhendislik.com\/#organization\"},\"potentialAction\":[{\"@type\":\"SearchAction\",\"target\":{\"@type\":\"EntryPoint\",\"urlTemplate\":\"https:\/\/idsmuhendislik.com\/?s={search_term_string}\"},\"query-input\":\"required name=search_term_string\"}],\"inLanguage\":\"en-US\"},{\"@type\":\"Organization\",\"@id\":\"https:\/\/idsmuhendislik.com\/#organization\",\"name\":\"idsmuhendislik.com\",\"url\":\"https:\/\/idsmuhendislik.com\/\",\"logo\":{\"@type\":\"ImageObject\",\"inLanguage\":\"en-US\",\"@id\":\"https:\/\/idsmuhendislik.com\/#\/schema\/logo\/image\/\",\"url\":\"http:\/\/idsmuhendislik.com\/wp-content\/uploads\/2023\/10\/logo.png\",\"contentUrl\":\"http:\/\/idsmuhendislik.com\/wp-content\/uploads\/2023\/10\/logo.png\",\"width\":300,\"height\":80,\"caption\":\"idsmuhendislik.com\"},\"image\":{\"@id\":\"https:\/\/idsmuhendislik.com\/#\/schema\/logo\/image\/\"},\"sameAs\":[\"https:\/\/www.instagram.com\/idsmuhendislik\/\"]}]}<\/script>\n<!-- \/ Yoast SEO plugin. -->","yoast_head_json":{"title":"Hizmetlerimiz - \u0130ds M\u00fchendislik","robots":{"index":"index","follow":"follow","max-snippet":"max-snippet:-1","max-image-preview":"max-image-preview:large","max-video-preview":"max-video-preview:-1"},"canonical":"https:\/\/idsmuhendislik.com\/en\/hizmetlerimiz\/","og_locale":"en_US","og_type":"article","og_title":"Hizmetlerimiz - \u0130ds M\u00fchendislik","og_url":"https:\/\/idsmuhendislik.com\/en\/hizmetlerimiz\/","og_site_name":"\u0130ds M\u00fchendislik","article_modified_time":"2023-11-08T08:28:50+00:00","twitter_card":"summary_large_image","twitter_misc":{"Est. reading time":"1 minute"},"schema":{"@context":"https:\/\/schema.org","@graph":[{"@type":"WebPage","@id":"https:\/\/idsmuhendislik.com\/hizmetlerimiz\/","url":"https:\/\/idsmuhendislik.com\/hizmetlerimiz\/","name":"Hizmetlerimiz - \u0130ds M\u00fchendislik","isPartOf":{"@id":"https:\/\/idsmuhendislik.com\/#website"},"datePublished":"2017-03-02T06:44:42+00:00","dateModified":"2023-11-08T08:28:50+00:00","breadcrumb":{"@id":"https:\/\/idsmuhendislik.com\/hizmetlerimiz\/#breadcrumb"},"inLanguage":"en-US","potentialAction":[{"@type":"ReadAction","target":["https:\/\/idsmuhendislik.com\/hizmetlerimiz\/"]}]},{"@type":"BreadcrumbList","@id":"https:\/\/idsmuhendislik.com\/hizmetlerimiz\/#breadcrumb","itemListElement":[{"@type":"ListItem","position":1,"name":"Anasayfa","item":"https:\/\/idsmuhendislik.com\/"},{"@type":"ListItem","position":2,"name":"Hizmetlerimiz"}]},{"@type":"WebSite","@id":"https:\/\/idsmuhendislik.com\/#website","url":"https:\/\/idsmuhendislik.com\/","name":"idsmuhendislik.com","description":"","publisher":{"@id":"https:\/\/idsmuhendislik.com\/#organization"},"potentialAction":[{"@type":"SearchAction","target":{"@type":"EntryPoint","urlTemplate":"https:\/\/idsmuhendislik.com\/?s={search_term_string}"},"query-input":"required name=search_term_string"}],"inLanguage":"en-US"},{"@type":"Organization","@id":"https:\/\/idsmuhendislik.com\/#organization","name":"idsmuhendislik.com","url":"https:\/\/idsmuhendislik.com\/","logo":{"@type":"ImageObject","inLanguage":"en-US","@id":"https:\/\/idsmuhendislik.com\/#\/schema\/logo\/image\/","url":"http:\/\/idsmuhendislik.com\/wp-content\/uploads\/2023\/10\/logo.png","contentUrl":"http:\/\/idsmuhendislik.com\/wp-content\/uploads\/2023\/10\/logo.png","width":300,"height":80,"caption":"idsmuhendislik.com"},"image":{"@id":"https:\/\/idsmuhendislik.com\/#\/schema\/logo\/image\/"},"sameAs":["https:\/\/www.instagram.com\/idsmuhendislik\/"]}]}},"_links":{"self":[{"href":"https:\/\/idsmuhendislik.com\/en\/wp-json\/wp\/v2\/pages\/219"}],"collection":[{"href":"https:\/\/idsmuhendislik.com\/en\/wp-json\/wp\/v2\/pages"}],"about":[{"href":"https:\/\/idsmuhendislik.com\/en\/wp-json\/wp\/v2\/types\/page"}],"author":[{"embeddable":true,"href":"https:\/\/idsmuhendislik.com\/en\/wp-json\/wp\/v2\/users\/1"}],"replies":[{"embeddable":true,"href":"https:\/\/idsmuhendislik.com\/en\/wp-json\/wp\/v2\/comments?post=219"}],"version-history":[{"count":14,"href":"https:\/\/idsmuhendislik.com\/en\/wp-json\/wp\/v2\/pages\/219\/revisions"}],"predecessor-version":[{"id":1562,"href":"https:\/\/idsmuhendislik.com\/en\/wp-json\/wp\/v2\/pages\/219\/revisions\/1562"}],"wp:attachment":[{"href":"https:\/\/idsmuhendislik.com\/en\/wp-json\/wp\/v2\/media?parent=219"}],"curies":[{"name":"wp","href":"https:\/\/api.w.org\/{rel}","templated":true}]}}