{"id":207,"date":"2017-03-02T04:02:26","date_gmt":"2017-03-02T04:02:26","guid":{"rendered":"http:\/\/localhost\/eurybia\/?page_id=207"},"modified":"2023-11-16T12:23:36","modified_gmt":"2023-11-16T12:23:36","slug":"hakkimizda","status":"publish","type":"page","link":"https:\/\/idsmuhendislik.com\/en\/hakkimizda\/","title":{"rendered":"Hakk\u0131m\u0131zda"},"content":{"rendered":"<section class=\"wpb_row vc_custom_1488428337156 vc_row-has-fill\"><div class=\"container\"><div class=\"wpb_column vc_column_container one columns2\"><div class=\"vc_column-inner\"><div class=\"wpb_wrapper\">    \n    <div class=\"section-title no-padding\">\n        <div class=\"shadow-title\" >K\u0131saca biz<\/div>    \n        <h3 >Hakk\u0131m\u0131zda<\/h3>\n            <\/div>\n\n\n\t<div class=\"wpb_text_column wpb_content_element  vc_custom_1696934093286\" >\n\t\t<div class=\"wpb_wrapper\">\n\t\t\t<p>\u0130ds End\u00fcstriyel Otomasyon ve M\u00fchendislik firmam\u0131z, 20 y\u0131ll\u0131k saha deneyimini kullanarak 2012 y\u0131l\u0131nda Ankara&#8217;da kuruldu ve faaliyete ge\u00e7ti. Amac\u0131m\u0131z, sekt\u00f6rdeki belirli ihtiya\u00e7lar\u0131 ve potansiyelleri g\u00f6z \u00f6n\u00fcnde bulundurarak \u00e7\u00f6z\u00fcm odakl\u0131 hizmetler sunarak bu alandaki bo\u015flu\u011fu doldurmakt\u0131r.<\/p>\n<p>&nbsp;<\/p>\n<p>End\u00fcstriyel otomasyon konusundaki uzmanl\u0131\u011f\u0131m\u0131z\u0131, m\u00fc\u015fteri odakl\u0131 bir yakla\u015f\u0131mla birle\u015ftirerek \u00f6zel tasar\u0131m ve \u00fcretim projeleriyle sekt\u00f6rde \u00f6ne \u00e7\u0131kmay\u0131 hedefliyoruz.<\/p>\n<p>&nbsp;<\/p>\n<p>M\u00fc\u015fterilerimizin ihtiya\u00e7lar\u0131n\u0131 do\u011fru ve eksiksiz bir \u015fekilde kar\u015f\u0131layabilmek i\u00e7in sat\u0131\u015f sonras\u0131 hizmetlerimizi g\u00fc\u00e7l\u00fc bir \u015fekilde sunmaktay\u0131z.<\/p>\n<p>&nbsp;<\/p>\n<p>\u00dcr\u00fcn kalitesine verdi\u011fimiz \u00f6nem, m\u00fc\u015fterilerimizi i\u015f ortaklar\u0131 olarak g\u00f6rmemizi sa\u011flar. &#8220;M\u00fc\u015fteri ile Birlikte B\u00fcy\u00fcme&#8221; politikam\u0131z, m\u00fc\u015fterilerimizle uzun vadeli i\u015fbirli\u011fi ve ba\u015far\u0131y\u0131 hedeflememizin bir yans\u0131mas\u0131d\u0131r.<\/p>\n\n\t\t<\/div>\n\t<\/div>\n<\/div><\/div><\/div><div class=\"wpb_column vc_column_container one columns2\"><div class=\"vc_column-inner\"><div class=\"wpb_wrapper\"><\/div><\/div><\/div><\/div><div class=\"clearfix\"><\/div><\/section><section class=\"wpb_row vc_custom_1488428087803 vc_row-has-fill\"><div class=\"container\"><div class=\"wpb_column vc_column_container one columns2\"><div class=\"vc_column-inner\"><div class=\"wpb_wrapper\">    \n    <div id=\"owl-sep-1\" class=\"owl-carousel owl-theme owl-sep-1\">                              \n                    <div class=\"item\">                                                          \n                \n                    <div class=\"twelve columns\">\n                        <div class=\"quote-sep\"> \n                            <h4>\u015eirketimiz imk\u00e2n ve kapasitesini en \u00fcst seviyede kullanarak m\u00fc\u015fterilerimizin t\u00fcm \u00fcr\u00fcn ve hizmet beklentilerini d\u00fcnya standartlar\u0131nda kar\u015f\u0131lamaktad\u0131r...<\/h4>\n                        <\/div>   \n                    <\/div>\n                                                        \n            <\/div>    \n                         \n    <\/div>\n\n    <script type=\"text\/javascript\">\n        (function($) { \"use strict\";\n            $(document).ready(function() {              \n                $(\".owl-sep-1\").owlCarousel({\n                    navigation: false,\n                    pagination : true,\n                    transitionStyle : \"fade\",\n                    slideSpeed : 500,\n                    paginationSpeed : 500,\n                    singleItem:true,\n                    autoPlay: 5000,\n                });\n            }); \n        })(jQuery);\n    <\/script>\n\n<\/div><\/div><\/div><\/div><div class=\"clearfix\"><\/div><\/section><section class=\"wpb_row vc_custom_1699432082114 vc_row-has-fill vc_column-gap-2\"><div class=\"container\"><div class=\"wpb_column vc_column_container one columns2\"><div class=\"vc_column-inner\"><div class=\"wpb_wrapper\">            \n        <div id=\"owl-logos\" class=\"owl-carousel owl-theme owl-logos padding-bottom-0\">\n                            <div class=\"item\"><img src=\"https:\/\/idsmuhendislik.com\/wp-content\/uploads\/2023\/10\/torksan-logo-buyutme.png\" alt=\"\"><\/div>\n                            <div class=\"item\"><img src=\"https:\/\/idsmuhendislik.com\/wp-content\/uploads\/2023\/10\/cozunurluk-degistirme.png\" alt=\"\"><\/div>\n                            <div class=\"item\"><img src=\"https:\/\/idsmuhendislik.com\/wp-content\/uploads\/2023\/10\/mono-makine-gri.png\" alt=\"\"><\/div>\n                            <div class=\"item\"><img src=\"https:\/\/idsmuhendislik.com\/wp-content\/uploads\/2023\/10\/Basliksiz-4.png\" alt=\"\"><\/div>\n                            <div class=\"item\"><img src=\"https:\/\/idsmuhendislik.com\/wp-content\/uploads\/2023\/10\/anlas-gri.png\" alt=\"\"><\/div>\n                            <div class=\"item\"><img src=\"https:\/\/idsmuhendislik.com\/wp-content\/uploads\/2023\/10\/turk-traktor-gri.png\" alt=\"\"><\/div>\n                            <div class=\"item\"><img src=\"https:\/\/idsmuhendislik.com\/wp-content\/uploads\/2023\/10\/altay-gri.png\" alt=\"\"><\/div>\n                            <div class=\"item\"><img src=\"https:\/\/idsmuhendislik.com\/wp-content\/uploads\/2023\/10\/bcs-gri.png\" alt=\"\"><\/div>\n                            <div class=\"item\"><img src=\"https:\/\/idsmuhendislik.com\/wp-content\/uploads\/2023\/10\/burc-gri.png\" alt=\"\"><\/div>\n                            <div class=\"item\"><img src=\"https:\/\/idsmuhendislik.com\/wp-content\/uploads\/2023\/10\/mke-gri.png\" alt=\"\"><\/div>\n                            <div class=\"item\"><img src=\"https:\/\/idsmuhendislik.com\/wp-content\/uploads\/2023\/10\/odtu-gri.png\" alt=\"\"><\/div>\n                            <div class=\"item\"><img src=\"https:\/\/idsmuhendislik.com\/wp-content\/uploads\/2023\/10\/petlas-gri.png\" alt=\"\"><\/div>\n                            <div class=\"item\"><img src=\"https:\/\/idsmuhendislik.com\/wp-content\/uploads\/2023\/10\/tarim-orman-bakanligi-gri.png\" alt=\"\"><\/div>\n                    <\/div>\n\n        <script>\n            (function($) { \"use strict\";\n                $(document).ready(function() {\n                    $(\"#owl-logos\").owlCarousel({\n                        items : 5,\n                        itemsDesktop : [1000,5], \n                        itemsDesktopSmall : [900,3],\n                        itemsTablet: [600,2], \n                        itemsMobile : false, \n                        pagination : false,\n                        autoPlay : 5000,\n                        slideSpeed : 300\n                    }); \n                }); \n            })(jQuery); \n        <\/script>\n\n<\/div><\/div><\/div><\/div><div class=\"clearfix\"><\/div><\/section>","protected":false},"excerpt":{"rendered":"K\u0131saca biz Hakk\u0131m\u0131zda \u0130ds End\u00fcstriyel Otomasyon ve M\u00fchendislik firmam\u0131z, 20 y\u0131ll\u0131k saha deneyimini kullanarak 2012 y\u0131l\u0131nda Ankara'da kuruldu ve faaliyete ge\u00e7ti. Amac\u0131m\u0131z, sekt\u00f6rdeki belirli ihtiya\u00e7lar\u0131 ve potansiyelleri g\u00f6z \u00f6n\u00fcnde bulundurarak \u00e7\u00f6z\u00fcm odakl\u0131 hizmetler sunarak bu alandaki bo\u015flu\u011fu doldurmakt\u0131r. &nbsp; End\u00fcstriyel otomasyon konusundaki uzmanl\u0131\u011f\u0131m\u0131z\u0131, m\u00fc\u015fteri odakl\u0131 bir yakla\u015f\u0131mla birle\u015ftirerek \u00f6zel tasar\u0131m ve \u00fcretim projeleriyle sekt\u00f6rde \u00f6ne [...]","protected":false},"author":1,"featured_media":0,"parent":0,"menu_order":0,"comment_status":"closed","ping_status":"closed","template":"page-templates\/template-fullwidth.php","meta":{"footnotes":""},"yoast_head":"<!-- This site is optimized with the Yoast SEO plugin v21.5 - https:\/\/yoast.com\/wordpress\/plugins\/seo\/ -->\n<title>Hakk\u0131m\u0131zda - \u0130ds M\u00fchendislik<\/title>\n<meta name=\"robots\" content=\"index, follow, max-snippet:-1, max-image-preview:large, max-video-preview:-1\" \/>\n<link rel=\"canonical\" href=\"https:\/\/idsmuhendislik.com\/en\/hakkimizda\/\" \/>\n<meta property=\"og:locale\" content=\"en_US\" \/>\n<meta property=\"og:type\" content=\"article\" \/>\n<meta property=\"og:title\" content=\"Hakk\u0131m\u0131zda - \u0130ds M\u00fchendislik\" \/>\n<meta property=\"og:url\" content=\"https:\/\/idsmuhendislik.com\/en\/hakkimizda\/\" \/>\n<meta property=\"og:site_name\" content=\"\u0130ds M\u00fchendislik\" \/>\n<meta property=\"article:modified_time\" content=\"2023-11-16T12:23:36+00:00\" \/>\n<meta name=\"twitter:card\" content=\"summary_large_image\" \/>\n<meta name=\"twitter:label1\" content=\"Est. reading time\" \/>\n\t<meta name=\"twitter:data1\" content=\"1 minute\" \/>\n<script type=\"application\/ld+json\" class=\"yoast-schema-graph\">{\"@context\":\"https:\/\/schema.org\",\"@graph\":[{\"@type\":\"WebPage\",\"@id\":\"https:\/\/idsmuhendislik.com\/hakkimizda\/\",\"url\":\"https:\/\/idsmuhendislik.com\/hakkimizda\/\",\"name\":\"Hakk\u0131m\u0131zda - \u0130ds M\u00fchendislik\",\"isPartOf\":{\"@id\":\"https:\/\/idsmuhendislik.com\/#website\"},\"datePublished\":\"2017-03-02T04:02:26+00:00\",\"dateModified\":\"2023-11-16T12:23:36+00:00\",\"breadcrumb\":{\"@id\":\"https:\/\/idsmuhendislik.com\/hakkimizda\/#breadcrumb\"},\"inLanguage\":\"en-US\",\"potentialAction\":[{\"@type\":\"ReadAction\",\"target\":[\"https:\/\/idsmuhendislik.com\/hakkimizda\/\"]}]},{\"@type\":\"BreadcrumbList\",\"@id\":\"https:\/\/idsmuhendislik.com\/hakkimizda\/#breadcrumb\",\"itemListElement\":[{\"@type\":\"ListItem\",\"position\":1,\"name\":\"Anasayfa\",\"item\":\"https:\/\/idsmuhendislik.com\/\"},{\"@type\":\"ListItem\",\"position\":2,\"name\":\"Hakk\u0131m\u0131zda\"}]},{\"@type\":\"WebSite\",\"@id\":\"https:\/\/idsmuhendislik.com\/#website\",\"url\":\"https:\/\/idsmuhendislik.com\/\",\"name\":\"idsmuhendislik.com\",\"description\":\"\",\"publisher\":{\"@id\":\"https:\/\/idsmuhendislik.com\/#organization\"},\"potentialAction\":[{\"@type\":\"SearchAction\",\"target\":{\"@type\":\"EntryPoint\",\"urlTemplate\":\"https:\/\/idsmuhendislik.com\/?s={search_term_string}\"},\"query-input\":\"required name=search_term_string\"}],\"inLanguage\":\"en-US\"},{\"@type\":\"Organization\",\"@id\":\"https:\/\/idsmuhendislik.com\/#organization\",\"name\":\"idsmuhendislik.com\",\"url\":\"https:\/\/idsmuhendislik.com\/\",\"logo\":{\"@type\":\"ImageObject\",\"inLanguage\":\"en-US\",\"@id\":\"https:\/\/idsmuhendislik.com\/#\/schema\/logo\/image\/\",\"url\":\"http:\/\/idsmuhendislik.com\/wp-content\/uploads\/2023\/10\/logo.png\",\"contentUrl\":\"http:\/\/idsmuhendislik.com\/wp-content\/uploads\/2023\/10\/logo.png\",\"width\":300,\"height\":80,\"caption\":\"idsmuhendislik.com\"},\"image\":{\"@id\":\"https:\/\/idsmuhendislik.com\/#\/schema\/logo\/image\/\"},\"sameAs\":[\"https:\/\/www.instagram.com\/idsmuhendislik\/\"]}]}<\/script>\n<!-- \/ Yoast SEO plugin. -->","yoast_head_json":{"title":"Hakk\u0131m\u0131zda - \u0130ds M\u00fchendislik","robots":{"index":"index","follow":"follow","max-snippet":"max-snippet:-1","max-image-preview":"max-image-preview:large","max-video-preview":"max-video-preview:-1"},"canonical":"https:\/\/idsmuhendislik.com\/en\/hakkimizda\/","og_locale":"en_US","og_type":"article","og_title":"Hakk\u0131m\u0131zda - \u0130ds M\u00fchendislik","og_url":"https:\/\/idsmuhendislik.com\/en\/hakkimizda\/","og_site_name":"\u0130ds M\u00fchendislik","article_modified_time":"2023-11-16T12:23:36+00:00","twitter_card":"summary_large_image","twitter_misc":{"Est. reading time":"1 minute"},"schema":{"@context":"https:\/\/schema.org","@graph":[{"@type":"WebPage","@id":"https:\/\/idsmuhendislik.com\/hakkimizda\/","url":"https:\/\/idsmuhendislik.com\/hakkimizda\/","name":"Hakk\u0131m\u0131zda - \u0130ds M\u00fchendislik","isPartOf":{"@id":"https:\/\/idsmuhendislik.com\/#website"},"datePublished":"2017-03-02T04:02:26+00:00","dateModified":"2023-11-16T12:23:36+00:00","breadcrumb":{"@id":"https:\/\/idsmuhendislik.com\/hakkimizda\/#breadcrumb"},"inLanguage":"en-US","potentialAction":[{"@type":"ReadAction","target":["https:\/\/idsmuhendislik.com\/hakkimizda\/"]}]},{"@type":"BreadcrumbList","@id":"https:\/\/idsmuhendislik.com\/hakkimizda\/#breadcrumb","itemListElement":[{"@type":"ListItem","position":1,"name":"Anasayfa","item":"https:\/\/idsmuhendislik.com\/"},{"@type":"ListItem","position":2,"name":"Hakk\u0131m\u0131zda"}]},{"@type":"WebSite","@id":"https:\/\/idsmuhendislik.com\/#website","url":"https:\/\/idsmuhendislik.com\/","name":"idsmuhendislik.com","description":"","publisher":{"@id":"https:\/\/idsmuhendislik.com\/#organization"},"potentialAction":[{"@type":"SearchAction","target":{"@type":"EntryPoint","urlTemplate":"https:\/\/idsmuhendislik.com\/?s={search_term_string}"},"query-input":"required name=search_term_string"}],"inLanguage":"en-US"},{"@type":"Organization","@id":"https:\/\/idsmuhendislik.com\/#organization","name":"idsmuhendislik.com","url":"https:\/\/idsmuhendislik.com\/","logo":{"@type":"ImageObject","inLanguage":"en-US","@id":"https:\/\/idsmuhendislik.com\/#\/schema\/logo\/image\/","url":"http:\/\/idsmuhendislik.com\/wp-content\/uploads\/2023\/10\/logo.png","contentUrl":"http:\/\/idsmuhendislik.com\/wp-content\/uploads\/2023\/10\/logo.png","width":300,"height":80,"caption":"idsmuhendislik.com"},"image":{"@id":"https:\/\/idsmuhendislik.com\/#\/schema\/logo\/image\/"},"sameAs":["https:\/\/www.instagram.com\/idsmuhendislik\/"]}]}},"_links":{"self":[{"href":"https:\/\/idsmuhendislik.com\/en\/wp-json\/wp\/v2\/pages\/207"}],"collection":[{"href":"https:\/\/idsmuhendislik.com\/en\/wp-json\/wp\/v2\/pages"}],"about":[{"href":"https:\/\/idsmuhendislik.com\/en\/wp-json\/wp\/v2\/types\/page"}],"author":[{"embeddable":true,"href":"https:\/\/idsmuhendislik.com\/en\/wp-json\/wp\/v2\/users\/1"}],"replies":[{"embeddable":true,"href":"https:\/\/idsmuhendislik.com\/en\/wp-json\/wp\/v2\/comments?post=207"}],"version-history":[{"count":9,"href":"https:\/\/idsmuhendislik.com\/en\/wp-json\/wp\/v2\/pages\/207\/revisions"}],"predecessor-version":[{"id":1604,"href":"https:\/\/idsmuhendislik.com\/en\/wp-json\/wp\/v2\/pages\/207\/revisions\/1604"}],"wp:attachment":[{"href":"https:\/\/idsmuhendislik.com\/en\/wp-json\/wp\/v2\/media?parent=207"}],"curies":[{"name":"wp","href":"https:\/\/api.w.org\/{rel}","templated":true}]}}